{"id":71,"date":"2020-01-27T08:15:05","date_gmt":"2020-01-27T08:15:05","guid":{"rendered":"https:\/\/demosites.io\/web-agency-gb\/?page_id=71"},"modified":"2024-07-10T19:46:09","modified_gmt":"2024-07-10T22:46:09","slug":"15c42-web-agency-gb-portfolio-single","status":"publish","type":"page","link":"https:\/\/agencia2205.com.br\/?page_id=71","title":{"rendered":"Detalhamento de Projetos"},"content":{"rendered":"\n<div class=\"wp-block-cover alignfull\" style=\"min-height:320px;aspect-ratio:unset;\"><span aria-hidden=\"true\" class=\"wp-block-cover__background has-nv-site-bg-background-color has-background-dim-100 has-background-dim\"><\/span><div class=\"wp-block-cover__inner-container is-layout-flow wp-block-cover-is-layout-flow\">\n<div class=\"wp-block-group\"><div class=\"wp-block-group__inner-container is-layout-flow wp-block-group-is-layout-flow\">\n<div class=\"wp-block-columns are-vertically-aligned-center is-layout-flex wp-container-core-columns-is-layout-9d6595d7 wp-block-columns-is-layout-flex\">\n<div class=\"wp-block-column is-vertically-aligned-center is-layout-flow wp-block-column-is-layout-flow\" style=\"flex-basis:70%\">\n<h1 class=\"wp-block-heading has-text-align-left has-neve-text-color-color has-text-color\"><mark style=\"background-color:rgba(0, 0, 0, 0)\" class=\"has-inline-color has-nv-c-2-color\">Saiba um pouco mais sore nossos projetos<\/mark><\/h1>\n<\/div>\n\n\n\n<div class=\"wp-block-column is-vertically-aligned-center is-layout-flow wp-block-column-is-layout-flow\" style=\"flex-basis:30%\"><\/div>\n<\/div>\n<\/div><\/div>\n<\/div><\/div>\n\n\n\n<div class=\"wp-block-cover alignfull\" style=\"min-height:600px;aspect-ratio:unset;\"><span aria-hidden=\"true\" class=\"wp-block-cover__background has-nv-light-bg-background-color has-background-dim-100 has-background-dim\"><\/span><div class=\"wp-block-cover__inner-container is-layout-flow wp-block-cover-is-layout-flow\">\n<div class=\"wp-block-group\"><div class=\"wp-block-group__inner-container is-layout-flow wp-block-group-is-layout-flow\">\n<div style=\"height:80px\" aria-hidden=\"true\" class=\"wp-block-spacer\"><\/div>\n\n\n\n<div class=\"wp-block-columns is-layout-flex wp-container-core-columns-is-layout-9d6595d7 wp-block-columns-is-layout-flex\">\n<div class=\"wp-block-column is-layout-flow wp-block-column-is-layout-flow\" style=\"flex-basis:66.79%\">\n<figure class=\"wp-block-image size-large is-resized\"><img loading=\"lazy\" decoding=\"async\" width=\"1024\" height=\"1024\" src=\"http:\/\/agencia2205.com.br\/wp-content\/uploads\/2024\/07\/logo_cczl-edited-1024x1024.jpg\" alt=\"\" class=\"wp-image-530\" style=\"width:519px;height:auto\" srcset=\"https:\/\/agencia2205.com.br\/wp-content\/uploads\/2024\/07\/logo_cczl-edited-1024x1024.jpg 1024w, https:\/\/agencia2205.com.br\/wp-content\/uploads\/2024\/07\/logo_cczl-edited-300x300.jpg 300w, https:\/\/agencia2205.com.br\/wp-content\/uploads\/2024\/07\/logo_cczl-edited-150x150.jpg 150w, https:\/\/agencia2205.com.br\/wp-content\/uploads\/2024\/07\/logo_cczl-edited-768x768.jpg 768w, https:\/\/agencia2205.com.br\/wp-content\/uploads\/2024\/07\/logo_cczl-edited-1536x1536.jpg 1536w, https:\/\/agencia2205.com.br\/wp-content\/uploads\/2024\/07\/logo_cczl-edited-2048x2048.jpg 2048w\" sizes=\"auto, (max-width: 1024px) 100vw, 1024px\" \/><\/figure>\n\n\n\n<div style=\"height:40px\" aria-hidden=\"true\" class=\"wp-block-spacer\"><\/div>\n<\/div>\n\n\n\n<div class=\"wp-block-column is-layout-flow wp-block-column-is-layout-flow\" style=\"flex-basis:34%\">\n<p class=\"has-neve-text-color-color has-text-color\"><strong>O que estamos fazendo:<\/strong><\/p>\n\n\n\n<p><mark style=\"background-color:rgba(0, 0, 0, 0)\" class=\"has-inline-color has-neve-text-color-color\">Estamos realizando o planejamento estrat\u00e9gico e a reorganiza\u00e7\u00e3o do Instagram da CCZL, para que o feed fique mais limpo e que mostre para os visitantes do perfil, quem \u00e9 a Comunidade Crist\u00e3 na Zona Leste.<\/mark><\/p>\n\n\n\n<p><mark style=\"background-color:rgba(0, 0, 0, 0)\" class=\"has-inline-color has-neve-text-color-color\">Al\u00e9m disso, estamos realizando a produ\u00e7\u00e3o das pe\u00e7as de divulga\u00e7\u00e3o dos eventos e cultos, edi\u00e7\u00e3o de v\u00eddeos para Reels e cortes das ministra\u00e7\u00f5es das mensagens do culto dominical.<\/mark><\/p>\n\n\n\n<p><strong><mark style=\"background-color:rgba(0, 0, 0, 0)\" class=\"has-inline-color has-neve-text-color-color\">Resultados<\/mark><\/strong><\/p>\n\n\n\n<p class=\"has-neve-text-color-color has-text-color\">T<mark style=\"background-color:rgba(0, 0, 0, 0)\" class=\"has-inline-color has-neve-text-color-color\">ornamos o feed mais limpo e organizado, a taxa de engajamento cresceu +3,2% nos \u00faltimos 30 dias (jun. a jul. de 2024) e j\u00e1 alcan\u00e7amos +2.954 contas, com crescimento de 4,2% no per\u00edodo.<\/mark><\/p>\n<\/div>\n<\/div>\n\n\n\n<div style=\"height:40px\" aria-hidden=\"true\" class=\"wp-block-spacer\"><\/div>\n<\/div><\/div>\n<\/div><\/div>\n\n\n\n<div style=\"height:100px\" aria-hidden=\"true\" class=\"wp-block-spacer\"><\/div>\n\n\n\n<div class=\"wp-block-columns is-layout-flex wp-container-core-columns-is-layout-9d6595d7 wp-block-columns-is-layout-flex\">\n<div class=\"wp-block-column is-layout-flow wp-block-column-is-layout-flow\" style=\"flex-basis:33.33%\">\n<p><strong>O que fizemos:<\/strong><\/p>\n\n\n\n<p>Planejamento estrat\u00e9gico, cria\u00e7\u00e3o de identidade visual, gerenciamento de site com inser\u00e7\u00e3o de conte\u00fado e an\u00e1lise via Google Analytics, gerenciamento de redes sociais (Instagram, Facebook, Youtube, Google Meu Neg\u00f3cio), gest\u00e3o de an\u00fancios, gest\u00e3o de crise, organiza\u00e7\u00e3o de eventos, produ\u00e7\u00e3o de conte\u00fado, edi\u00e7\u00e3o de v\u00eddeos para redes sociais e assessoria de imprensa.<\/p>\n\n\n\n<p><strong>Resultados:<\/strong><\/p>\n\n\n\n<p>+ de 6.000 seguidores no Instagram e mais de 30 mil visualiza\u00e7\u00f5es do perfil, taxa de engajamento nas publica\u00e7\u00f5es do Instagram acima de 6%, mais de 30 mil visualiza\u00e7\u00f5es do site, ranqueamento do site na 1\u00aa p\u00e1gina do Google por meio do SEO, mais de 1 milh\u00e3o e 900 mil impress\u00f5es em campanhas de an\u00fancios no Meta Ads, parcerias com influencers regionais e mais de 4 mil visualiza\u00e7\u00f5es no Google Meu Neg\u00f3cio.<\/p>\n<\/div>\n\n\n\n<div class=\"wp-block-column is-layout-flow wp-block-column-is-layout-flow\" style=\"flex-basis:66.66%\"><div class=\"wp-block-image\">\n<figure class=\"alignright size-full is-resized\"><img loading=\"lazy\" decoding=\"async\" width=\"509\" height=\"293\" src=\"http:\/\/agencia2205.com.br\/wp-content\/uploads\/2024\/07\/fontesonia.png\" alt=\"\" class=\"wp-image-536\" style=\"width:519px;height:auto\" srcset=\"https:\/\/agencia2205.com.br\/wp-content\/uploads\/2024\/07\/fontesonia.png 509w, https:\/\/agencia2205.com.br\/wp-content\/uploads\/2024\/07\/fontesonia-300x173.png 300w\" sizes=\"auto, (max-width: 509px) 100vw, 509px\" \/><\/figure>\n<\/div><\/div>\n<\/div>\n\n\n\n<div class=\"wp-block-cover alignfull\" style=\"min-height:600px;aspect-ratio:unset;\"><span aria-hidden=\"true\" class=\"wp-block-cover__background has-nv-light-bg-background-color has-background-dim-100 has-background-dim\"><\/span><div class=\"wp-block-cover__inner-container is-layout-flow wp-block-cover-is-layout-flow\">\n<div class=\"wp-block-group\"><div class=\"wp-block-group__inner-container is-layout-flow wp-block-group-is-layout-flow\">\n<div style=\"height:83px\" aria-hidden=\"true\" class=\"wp-block-spacer\"><\/div>\n\n\n\n<div class=\"wp-block-columns is-layout-flex wp-container-core-columns-is-layout-9d6595d7 wp-block-columns-is-layout-flex\">\n<div class=\"wp-block-column is-layout-flow wp-block-column-is-layout-flow\" style=\"flex-basis:66.79%\">\n<figure class=\"wp-block-image size-large is-resized\"><img loading=\"lazy\" decoding=\"async\" width=\"1024\" height=\"872\" src=\"http:\/\/agencia2205.com.br\/wp-content\/uploads\/2024\/07\/Logo_avatar-01-01-1024x872.jpg\" alt=\"\" class=\"wp-image-526\" style=\"width:527px;height:auto\" srcset=\"https:\/\/agencia2205.com.br\/wp-content\/uploads\/2024\/07\/Logo_avatar-01-01-1024x872.jpg 1024w, https:\/\/agencia2205.com.br\/wp-content\/uploads\/2024\/07\/Logo_avatar-01-01-300x256.jpg 300w, https:\/\/agencia2205.com.br\/wp-content\/uploads\/2024\/07\/Logo_avatar-01-01-768x654.jpg 768w, https:\/\/agencia2205.com.br\/wp-content\/uploads\/2024\/07\/Logo_avatar-01-01-1536x1308.jpg 1536w, https:\/\/agencia2205.com.br\/wp-content\/uploads\/2024\/07\/Logo_avatar-01-01-2048x1744.jpg 2048w\" sizes=\"auto, (max-width: 1024px) 100vw, 1024px\" \/><\/figure>\n<\/div>\n\n\n\n<div class=\"wp-block-column is-layout-flow wp-block-column-is-layout-flow\" style=\"flex-basis:34%\">\n<p><strong><mark style=\"background-color:rgba(0, 0, 0, 0)\" class=\"has-inline-color has-neve-text-color-color\">O que fizemos:<\/mark><\/strong><\/p>\n\n\n\n<p><mark style=\"background-color:rgba(0, 0, 0, 0)\" class=\"has-inline-color has-neve-text-color-color\">Desenvolvimento da marca, desenvolvimento do novo site, planejamento estrat\u00e9gico para redes sociais, gerenciamento de redes sociais (Instagram e Pinterest), gest\u00e3o de an\u00fancios, gest\u00e3o do LinkedIn dos s\u00f3cios e edi\u00e7\u00e3o de v\u00eddeos.<\/mark><\/p>\n\n\n\n<p><strong><mark style=\"background-color:rgba(0, 0, 0, 0)\" class=\"has-inline-color has-neve-text-color-color\">Resultados:<\/mark><\/strong><\/p>\n\n\n\n<p><mark style=\"background-color:rgba(0, 0, 0, 0)\" class=\"has-inline-color has-neve-text-color-color\">+ de 6.000 seguidores no Instagram, taxa de engajamento nas publica\u00e7\u00f5es do Instagram acima de 6%, + de 30.000 leads gerados por meio de campanhas de Ads.<\/mark><\/p>\n<\/div>\n<\/div>\n\n\n\n<div style=\"height:40px\" aria-hidden=\"true\" class=\"wp-block-spacer\"><\/div>\n<\/div><\/div>\n<\/div><\/div>\n\n\n\n<div class=\"wp-block-cover alignfull\" style=\"min-height:600px;aspect-ratio:unset;\"><span aria-hidden=\"true\" class=\"wp-block-cover__background has-nv-site-bg-background-color has-background-dim-100 has-background-dim\"><\/span><div class=\"wp-block-cover__inner-container is-layout-flow wp-block-cover-is-layout-flow\">\n<div class=\"wp-block-group\"><div class=\"wp-block-group__inner-container is-layout-flow wp-block-group-is-layout-flow\">\n<div style=\"height:80px\" aria-hidden=\"true\" class=\"wp-block-spacer\"><\/div>\n\n\n\n<div class=\"wp-block-columns are-vertically-aligned-center is-layout-flex wp-container-core-columns-is-layout-9d6595d7 wp-block-columns-is-layout-flex\">\n<div class=\"wp-block-column is-layout-flow wp-block-column-is-layout-flow\" style=\"flex-basis:33.33%\">\n<p><strong><mark style=\"background-color:rgba(0, 0, 0, 0)\" class=\"has-inline-color has-neve-text-color-color\">O que fizemos:<\/mark><\/strong><\/p>\n\n\n\n<p><mark style=\"background-color:rgba(0, 0, 0, 0)\" class=\"has-inline-color has-neve-text-color-color\">Planejamento estrat\u00e9gico de marketing, rebranding da marca, SEO, gest\u00e3o de redes sociais, gest\u00e3o de Ads, organiza\u00e7\u00e3o de eventos, produ\u00e7\u00e3o de conte\u00fado para redes sociais e blog, produ\u00e7\u00e3o de e-books e infogr\u00e1ficos, edi\u00e7\u00e3o de v\u00eddeos e assessoria de imprensa.<\/mark><\/p>\n\n\n\n<p><strong><mark style=\"background-color:rgba(0, 0, 0, 0)\" class=\"has-inline-color has-neve-text-color-color\">Resultados:<\/mark><\/strong><\/p>\n\n\n\n<p><mark style=\"background-color:rgba(0, 0, 0, 0)\" class=\"has-inline-color has-neve-text-color-color\">+2500 novos seguidores nas redes sociais, ranqueamento do site na 1\u00aa p\u00e1gina do Google por meio do SEO, 11 e-books produzidos e lan\u00e7ados, oportunidades de imprensa na m\u00eddia espont\u00e2nea e produ\u00e7\u00e3o de 5 eventos.<\/mark><\/p>\n<\/div>\n\n\n\n<div class=\"wp-block-column is-layout-flow wp-block-column-is-layout-flow\" style=\"flex-basis:66.66%\"><div class=\"wp-block-image\">\n<figure class=\"alignright size-full is-resized\"><img loading=\"lazy\" decoding=\"async\" width=\"534\" height=\"535\" src=\"https:\/\/agencia2205.com.br\/wp-content\/uploads\/2024\/07\/zmr2.png\" alt=\"\" class=\"wp-image-551\" style=\"width:486px;height:auto\" srcset=\"https:\/\/agencia2205.com.br\/wp-content\/uploads\/2024\/07\/zmr2.png 534w, https:\/\/agencia2205.com.br\/wp-content\/uploads\/2024\/07\/zmr2-300x300.png 300w, https:\/\/agencia2205.com.br\/wp-content\/uploads\/2024\/07\/zmr2-150x150.png 150w\" sizes=\"auto, (max-width: 534px) 100vw, 534px\" \/><\/figure>\n<\/div><\/div>\n<\/div>\n\n\n\n<div style=\"height:40px\" aria-hidden=\"true\" class=\"wp-block-spacer\"><\/div>\n<\/div><\/div>\n<\/div><\/div>\n\n\n\n<div class=\"wp-block-cover alignfull\" style=\"min-height:300px;aspect-ratio:unset;\"><span aria-hidden=\"true\" class=\"wp-block-cover__background has-nv-c-2-background-color has-background-dim-100 has-background-dim\"><\/span><div class=\"wp-block-cover__inner-container is-layout-flow wp-block-cover-is-layout-flow\">\n<div style=\"height:33px\" aria-hidden=\"true\" class=\"wp-block-spacer\"><\/div>\n\n\n\n<h2 class=\"wp-block-heading has-text-align-center has-nv-text-dark-bg-color has-text-color\">Vamos trabalhar juntos em seu pr\u00f3ximo projeto!<\/h2>\n\n\n\n<p class=\"has-text-align-center has-nv-text-dark-bg-color has-text-color has-link-color wp-elements-d0f8438c25cf09ab72e19bf3f4837395\">Entre em contato conosco e agende uma reuni\u00e3o para nos conhecermos e apresentarmos o que a Ag\u00eancia 2205 pode fazer pelo seu neg\u00f3cio.<\/p>\n\n\n\n<div class=\"wp-block-buttons is-horizontal is-content-justification-center is-layout-flex wp-container-core-buttons-is-layout-499968f5 wp-block-buttons-is-layout-flex\">\n<div class=\"wp-block-button is-style-primary\"><a class=\"wp-block-button__link wp-element-button\" href=\"https:\/\/agencia2205.com.br\/?page_id=425\">FALE COM A GENTE!<\/a><\/div>\n<\/div>\n\n\n\n<div style=\"height:33px\" aria-hidden=\"true\" class=\"wp-block-spacer\"><\/div>\n<\/div><\/div>\n","protected":false},"excerpt":{"rendered":"<p>O que fizemos: Planejamento estrat\u00e9gico, cria\u00e7\u00e3o de identidade visual, gerenciamento de site com inser\u00e7\u00e3o de conte\u00fado e an\u00e1lise via Google Analytics, gerenciamento de redes sociais (Instagram, Facebook, Youtube, Google Meu Neg\u00f3cio), gest\u00e3o de an\u00fancios, gest\u00e3o de crise, organiza\u00e7\u00e3o de eventos, produ\u00e7\u00e3o de conte\u00fado, edi\u00e7\u00e3o de v\u00eddeos para redes sociais e assessoria de imprensa. Resultados: +&hellip;&nbsp;<a href=\"https:\/\/agencia2205.com.br\/?page_id=71\" rel=\"bookmark\">Continue a ler &raquo;<span class=\"screen-reader-text\">Detalhamento de Projetos<\/span><\/a><\/p>\n","protected":false},"author":1,"featured_media":0,"parent":0,"menu_order":0,"comment_status":"closed","ping_status":"closed","template":"","meta":{"neve_meta_sidebar":"default","neve_meta_container":"","neve_meta_enable_content_width":"on","neve_meta_content_width":100,"neve_meta_title_alignment":"","neve_meta_author_avatar":"","neve_post_elements_order":"","neve_meta_disable_header":"","neve_meta_disable_footer":"","neve_meta_disable_title":"on","_themeisle_gutenberg_block_has_review":false,"footnotes":""},"class_list":["post-71","page","type-page","status-publish","hentry"],"_links":{"self":[{"href":"https:\/\/agencia2205.com.br\/index.php?rest_route=\/wp\/v2\/pages\/71","targetHints":{"allow":["GET"]}}],"collection":[{"href":"https:\/\/agencia2205.com.br\/index.php?rest_route=\/wp\/v2\/pages"}],"about":[{"href":"https:\/\/agencia2205.com.br\/index.php?rest_route=\/wp\/v2\/types\/page"}],"author":[{"embeddable":true,"href":"https:\/\/agencia2205.com.br\/index.php?rest_route=\/wp\/v2\/users\/1"}],"replies":[{"embeddable":true,"href":"https:\/\/agencia2205.com.br\/index.php?rest_route=%2Fwp%2Fv2%2Fcomments&post=71"}],"version-history":[{"count":4,"href":"https:\/\/agencia2205.com.br\/index.php?rest_route=\/wp\/v2\/pages\/71\/revisions"}],"predecessor-version":[{"id":557,"href":"https:\/\/agencia2205.com.br\/index.php?rest_route=\/wp\/v2\/pages\/71\/revisions\/557"}],"wp:attachment":[{"href":"https:\/\/agencia2205.com.br\/index.php?rest_route=%2Fwp%2Fv2%2Fmedia&parent=71"}],"curies":[{"name":"wp","href":"https:\/\/api.w.org\/{rel}","templated":true}]}}