{"id":69,"date":"2020-01-27T08:05:29","date_gmt":"2020-01-27T08:05:29","guid":{"rendered":"https:\/\/demosites.io\/web-agency-gb\/?page_id=69"},"modified":"2024-07-10T19:35:31","modified_gmt":"2024-07-10T22:35:31","slug":"15c42-web-agency-gb-portfolio","status":"publish","type":"page","link":"https:\/\/agencia2205.com.br\/?page_id=69","title":{"rendered":"Portfolio"},"content":{"rendered":"\n<div class=\"wp-block-cover alignfull\" style=\"min-height:138px;aspect-ratio:unset;\"><span aria-hidden=\"true\" class=\"wp-block-cover__background has-nv-site-bg-background-color has-background-dim-100 has-background-dim\"><\/span><div class=\"wp-block-cover__inner-container is-layout-flow wp-block-cover-is-layout-flow\">\n<div class=\"wp-block-group\"><div class=\"wp-block-group__inner-container is-layout-flow wp-block-group-is-layout-flow\">\n<h1 class=\"wp-block-heading has-text-align-left has-neve-text-color-color has-text-color\"><mark style=\"background-color:rgba(0, 0, 0, 0);color:#411e5a\" class=\"has-inline-color\">Portfolio<\/mark><\/h1>\n<\/div><\/div>\n<\/div><\/div>\n\n\n\n<div class=\"wp-block-cover alignfull\" style=\"min-height:505px;aspect-ratio:unset;\"><span aria-hidden=\"true\" class=\"wp-block-cover__background has-nv-light-bg-background-color has-background-dim-100 has-background-dim\"><\/span><div class=\"wp-block-cover__inner-container is-layout-flow wp-block-cover-is-layout-flow\">\n<div class=\"wp-block-group\"><div class=\"wp-block-group__inner-container is-layout-flow wp-block-group-is-layout-flow\">\n<div style=\"height:0px\" aria-hidden=\"true\" class=\"wp-block-spacer\"><\/div>\n\n\n\n<div style=\"height:0px\" aria-hidden=\"true\" class=\"wp-block-spacer\"><\/div>\n<\/div><\/div>\n\n\n\n<div id=\"wp-block-themeisle-blocks-advanced-columns-f7f352a5\" class=\"wp-block-themeisle-blocks-advanced-columns has-2-columns has-desktop-equal-layout has-tablet-equal-layout has-mobile-collapsedRows-layout has-vertical-unset\"><div class=\"wp-block-themeisle-blocks-advanced-columns-overlay\"><\/div><div class=\"innerblocks-wrap\">\n<div id=\"wp-block-themeisle-blocks-advanced-column-b89d5513\" class=\"wp-block-themeisle-blocks-advanced-column\">\n<div class=\"wp-block-group is-nowrap is-layout-flex wp-container-core-group-is-layout-ad2f72ca wp-block-group-is-layout-flex\">\n<figure class=\"wp-block-image size-large is-resized\"><img loading=\"lazy\" decoding=\"async\" width=\"2419\" height=\"2419\" src=\"https:\/\/agencia2205.com.br\/wp-content\/uploads\/2024\/07\/logo_cczl-edited.jpg\" alt=\"\" class=\"wp-image-530\" style=\"width:285px;height:auto\" srcset=\"https:\/\/agencia2205.com.br\/wp-content\/uploads\/2024\/07\/logo_cczl-edited.jpg 2419w, https:\/\/agencia2205.com.br\/wp-content\/uploads\/2024\/07\/logo_cczl-edited-300x300.jpg 300w, https:\/\/agencia2205.com.br\/wp-content\/uploads\/2024\/07\/logo_cczl-edited-1024x1024.jpg 1024w, https:\/\/agencia2205.com.br\/wp-content\/uploads\/2024\/07\/logo_cczl-edited-150x150.jpg 150w, https:\/\/agencia2205.com.br\/wp-content\/uploads\/2024\/07\/logo_cczl-edited-768x768.jpg 768w, https:\/\/agencia2205.com.br\/wp-content\/uploads\/2024\/07\/logo_cczl-edited-1536x1536.jpg 1536w, https:\/\/agencia2205.com.br\/wp-content\/uploads\/2024\/07\/logo_cczl-edited-2048x2048.jpg 2048w\" sizes=\"auto, (max-width: 2419px) 100vw, 2419px\" \/><\/figure>\n\n\n\n<div style=\"height:100px;width:0px\" aria-hidden=\"true\" class=\"wp-block-spacer wp-container-content-6388d5dc\"><\/div>\n\n\n\n<figure class=\"wp-block-image size-full is-resized\"><img loading=\"lazy\" decoding=\"async\" width=\"591\" height=\"591\" src=\"http:\/\/agencia2205.com.br\/wp-content\/uploads\/2024\/07\/PHOTO-2020-04-12-08-57-01.jpg\" alt=\"\" class=\"wp-image-527\" style=\"width:285px;height:auto\" srcset=\"https:\/\/agencia2205.com.br\/wp-content\/uploads\/2024\/07\/PHOTO-2020-04-12-08-57-01.jpg 591w, https:\/\/agencia2205.com.br\/wp-content\/uploads\/2024\/07\/PHOTO-2020-04-12-08-57-01-300x300.jpg 300w, https:\/\/agencia2205.com.br\/wp-content\/uploads\/2024\/07\/PHOTO-2020-04-12-08-57-01-150x150.jpg 150w\" sizes=\"auto, (max-width: 591px) 100vw, 591px\" \/><\/figure>\n\n\n\n<div style=\"height:100px;width:0px\" aria-hidden=\"true\" class=\"wp-block-spacer wp-container-content-6388d5dc\"><\/div>\n<\/div>\n<\/div>\n\n\n\n<div id=\"wp-block-themeisle-blocks-advanced-column-4c3f47be\" class=\"wp-block-themeisle-blocks-advanced-column\">\n<div class=\"wp-block-group is-nowrap is-layout-flex wp-container-core-group-is-layout-ad2f72ca wp-block-group-is-layout-flex\">\n<figure class=\"wp-block-image size-large is-resized\"><img loading=\"lazy\" decoding=\"async\" width=\"2481\" height=\"2481\" src=\"https:\/\/agencia2205.com.br\/wp-content\/uploads\/2024\/07\/Logo_avatar-01-01-edited.jpg\" alt=\"\" class=\"wp-image-528\" style=\"width:199px;height:auto\" srcset=\"https:\/\/agencia2205.com.br\/wp-content\/uploads\/2024\/07\/Logo_avatar-01-01-edited.jpg 2481w, https:\/\/agencia2205.com.br\/wp-content\/uploads\/2024\/07\/Logo_avatar-01-01-edited-300x300.jpg 300w, https:\/\/agencia2205.com.br\/wp-content\/uploads\/2024\/07\/Logo_avatar-01-01-edited-1024x1024.jpg 1024w, https:\/\/agencia2205.com.br\/wp-content\/uploads\/2024\/07\/Logo_avatar-01-01-edited-150x150.jpg 150w, https:\/\/agencia2205.com.br\/wp-content\/uploads\/2024\/07\/Logo_avatar-01-01-edited-768x768.jpg 768w, https:\/\/agencia2205.com.br\/wp-content\/uploads\/2024\/07\/Logo_avatar-01-01-edited-1536x1536.jpg 1536w, https:\/\/agencia2205.com.br\/wp-content\/uploads\/2024\/07\/Logo_avatar-01-01-edited-2048x2048.jpg 2048w\" sizes=\"auto, (max-width: 2481px) 100vw, 2481px\" \/><\/figure>\n\n\n\n<div style=\"height:20px;width:0px\" aria-hidden=\"true\" class=\"wp-block-spacer wp-container-content-62aae154\"><\/div>\n\n\n\n<figure class=\"wp-block-image size-full is-resized\"><img loading=\"lazy\" decoding=\"async\" width=\"582\" height=\"582\" src=\"https:\/\/agencia2205.com.br\/wp-content\/uploads\/2024\/07\/LOGO_2-edited.png\" alt=\"\" class=\"wp-image-529\" style=\"width:199px;height:auto\" srcset=\"https:\/\/agencia2205.com.br\/wp-content\/uploads\/2024\/07\/LOGO_2-edited.png 582w, https:\/\/agencia2205.com.br\/wp-content\/uploads\/2024\/07\/LOGO_2-edited-300x300.png 300w, https:\/\/agencia2205.com.br\/wp-content\/uploads\/2024\/07\/LOGO_2-edited-150x150.png 150w\" sizes=\"auto, (max-width: 582px) 100vw, 582px\" \/><\/figure>\n<\/div>\n<\/div>\n<\/div><\/div>\n<\/div><\/div>\n\n\n\n<div class=\"wp-block-cover alignfull\" style=\"min-height:340px;aspect-ratio:unset;\"><span aria-hidden=\"true\" class=\"wp-block-cover__background has-nv-text-dark-bg-background-color has-background-dim-100 has-background-dim\"><\/span><div class=\"wp-block-cover__inner-container is-layout-flow wp-block-cover-is-layout-flow\">\n<div id=\"wp-block-themeisle-blocks-advanced-columns-35aa60f1\" class=\"wp-block-themeisle-blocks-advanced-columns has-4-columns has-desktop-equal-layout has-tablet-equal-layout has-mobile-collapsedRows-layout has-vertical-unset\"><div class=\"wp-block-themeisle-blocks-advanced-columns-overlay\"><\/div><div class=\"innerblocks-wrap\">\n<div id=\"wp-block-themeisle-blocks-advanced-column-433d95f1\" class=\"wp-block-themeisle-blocks-advanced-column\">\n<div class=\"wp-block-group is-nowrap is-layout-flex wp-container-core-group-is-layout-ad2f72ca wp-block-group-is-layout-flex\">\n<figure class=\"wp-block-image size-full is-resized\"><img loading=\"lazy\" decoding=\"async\" width=\"274\" height=\"99\" src=\"https:\/\/agencia2205.com.br\/wp-content\/uploads\/2024\/07\/BZ.png\" alt=\"\" class=\"wp-image-531\" style=\"width:274px;height:auto\"\/><\/figure>\n\n\n\n<div style=\"height:100px;width:10px\" aria-hidden=\"true\" class=\"wp-block-spacer wp-container-content-728072c3\"><\/div>\n<\/div>\n<\/div>\n\n\n\n<div id=\"wp-block-themeisle-blocks-advanced-column-c712dde7\" class=\"wp-block-themeisle-blocks-advanced-column\">\n<div class=\"wp-block-group is-nowrap is-layout-flex wp-container-core-group-is-layout-ad2f72ca wp-block-group-is-layout-flex\">\n<figure class=\"wp-block-image size-large\"><img loading=\"lazy\" decoding=\"async\" width=\"1024\" height=\"347\" src=\"https:\/\/agencia2205.com.br\/wp-content\/uploads\/2024\/07\/LOGO-1024x347.png\" alt=\"\" class=\"wp-image-532\" srcset=\"https:\/\/agencia2205.com.br\/wp-content\/uploads\/2024\/07\/LOGO-1024x347.png 1024w, https:\/\/agencia2205.com.br\/wp-content\/uploads\/2024\/07\/LOGO-300x102.png 300w, https:\/\/agencia2205.com.br\/wp-content\/uploads\/2024\/07\/LOGO-768x260.png 768w, https:\/\/agencia2205.com.br\/wp-content\/uploads\/2024\/07\/LOGO.png 1407w\" sizes=\"auto, (max-width: 1024px) 100vw, 1024px\" \/><\/figure>\n\n\n\n<div style=\"height:100px;width:10px\" aria-hidden=\"true\" class=\"wp-block-spacer wp-container-content-728072c3\"><\/div>\n<\/div>\n<\/div>\n\n\n\n<div id=\"wp-block-themeisle-blocks-advanced-column-4b505a17\" class=\"wp-block-themeisle-blocks-advanced-column\">\n<div class=\"wp-block-group is-nowrap is-layout-flex wp-container-core-group-is-layout-ad2f72ca wp-block-group-is-layout-flex\">\n<figure class=\"wp-block-image size-large\"><img loading=\"lazy\" decoding=\"async\" width=\"1024\" height=\"253\" src=\"https:\/\/agencia2205.com.br\/wp-content\/uploads\/2024\/07\/Logo_Promagis_APROVADO-1024x253.png\" alt=\"\" class=\"wp-image-533\" srcset=\"https:\/\/agencia2205.com.br\/wp-content\/uploads\/2024\/07\/Logo_Promagis_APROVADO-1024x253.png 1024w, https:\/\/agencia2205.com.br\/wp-content\/uploads\/2024\/07\/Logo_Promagis_APROVADO-300x74.png 300w, https:\/\/agencia2205.com.br\/wp-content\/uploads\/2024\/07\/Logo_Promagis_APROVADO-768x189.png 768w, https:\/\/agencia2205.com.br\/wp-content\/uploads\/2024\/07\/Logo_Promagis_APROVADO-1536x379.png 1536w, https:\/\/agencia2205.com.br\/wp-content\/uploads\/2024\/07\/Logo_Promagis_APROVADO.png 1622w\" sizes=\"auto, (max-width: 1024px) 100vw, 1024px\" \/><\/figure>\n\n\n\n<div style=\"height:100px;width:9px\" aria-hidden=\"true\" class=\"wp-block-spacer wp-container-content-579443fb\"><\/div>\n<\/div>\n<\/div>\n\n\n\n<div id=\"wp-block-themeisle-blocks-advanced-column-ca667f86\" class=\"wp-block-themeisle-blocks-advanced-column\">\n<figure class=\"wp-block-image size-full\"><img loading=\"lazy\" decoding=\"async\" width=\"1023\" height=\"444\" src=\"https:\/\/agencia2205.com.br\/wp-content\/uploads\/2024\/07\/logo-Sales-Teams.jpg\" alt=\"\" class=\"wp-image-534\" srcset=\"https:\/\/agencia2205.com.br\/wp-content\/uploads\/2024\/07\/logo-Sales-Teams.jpg 1023w, https:\/\/agencia2205.com.br\/wp-content\/uploads\/2024\/07\/logo-Sales-Teams-300x130.jpg 300w, https:\/\/agencia2205.com.br\/wp-content\/uploads\/2024\/07\/logo-Sales-Teams-768x333.jpg 768w\" sizes=\"auto, (max-width: 1023px) 100vw, 1023px\" \/><\/figure>\n<\/div>\n<\/div><\/div>\n<\/div><\/div>\n\n\n\n<div class=\"wp-block-cover alignfull\" style=\"min-height:505px;aspect-ratio:unset;\"><span aria-hidden=\"true\" class=\"wp-block-cover__background has-nv-light-bg-background-color has-background-dim-100 has-background-dim\"><\/span><div class=\"wp-block-cover__inner-container is-layout-flow wp-block-cover-is-layout-flow\">\n<div class=\"wp-block-group\"><div class=\"wp-block-group__inner-container is-layout-flow wp-block-group-is-layout-flow\">\n<div style=\"height:0px\" aria-hidden=\"true\" class=\"wp-block-spacer\"><\/div>\n\n\n\n<div style=\"height:0px\" aria-hidden=\"true\" class=\"wp-block-spacer\"><\/div>\n<\/div><\/div>\n\n\n\n<div id=\"wp-block-themeisle-blocks-advanced-columns-3b24d637\" class=\"wp-block-themeisle-blocks-advanced-columns has-1-columns has-desktop-equal-layout has-tablet-equal-layout has-mobile-collapsedRows-layout has-vertical-unset\"><div class=\"wp-block-themeisle-blocks-advanced-columns-overlay\"><\/div><div class=\"innerblocks-wrap\">\n<div id=\"wp-block-themeisle-blocks-advanced-column-4ca80b3f\" class=\"wp-block-themeisle-blocks-advanced-column\">\n<div class=\"wp-block-group is-nowrap is-layout-flex wp-container-core-group-is-layout-ad2f72ca wp-block-group-is-layout-flex\">\n<figure class=\"wp-block-image size-full is-resized\"><img loading=\"lazy\" decoding=\"async\" width=\"310\" height=\"129\" src=\"https:\/\/agencia2205.com.br\/wp-content\/uploads\/2024\/07\/logo-site.jpg\" alt=\"\" class=\"wp-image-541\" style=\"width:285px;height:auto\" srcset=\"https:\/\/agencia2205.com.br\/wp-content\/uploads\/2024\/07\/logo-site.jpg 310w, https:\/\/agencia2205.com.br\/wp-content\/uploads\/2024\/07\/logo-site-300x125.jpg 300w\" sizes=\"auto, (max-width: 310px) 100vw, 310px\" \/><\/figure>\n\n\n\n<div style=\"height:100px;width:10px\" aria-hidden=\"true\" class=\"wp-block-spacer wp-container-content-728072c3\"><\/div>\n\n\n\n<figure class=\"wp-block-image size-full is-resized\"><img loading=\"lazy\" decoding=\"async\" width=\"1432\" height=\"789\" src=\"https:\/\/agencia2205.com.br\/wp-content\/uploads\/2024\/07\/LOGO_DEBORA-2.png\" alt=\"\" class=\"wp-image-542\" style=\"width:216px;height:auto\" srcset=\"https:\/\/agencia2205.com.br\/wp-content\/uploads\/2024\/07\/LOGO_DEBORA-2.png 1432w, https:\/\/agencia2205.com.br\/wp-content\/uploads\/2024\/07\/LOGO_DEBORA-2-300x165.png 300w, https:\/\/agencia2205.com.br\/wp-content\/uploads\/2024\/07\/LOGO_DEBORA-2-1024x564.png 1024w, https:\/\/agencia2205.com.br\/wp-content\/uploads\/2024\/07\/LOGO_DEBORA-2-768x423.png 768w\" sizes=\"auto, (max-width: 1432px) 100vw, 1432px\" \/><\/figure>\n\n\n\n<div style=\"height:100px;width:10px\" aria-hidden=\"true\" class=\"wp-block-spacer wp-container-content-728072c3\"><\/div>\n\n\n\n<figure class=\"wp-block-image size-large is-resized\"><img loading=\"lazy\" decoding=\"async\" width=\"1024\" height=\"691\" src=\"https:\/\/agencia2205.com.br\/wp-content\/uploads\/2024\/07\/LOGO_Prancheta-1-3-1024x691.png\" alt=\"\" class=\"wp-image-544\" style=\"width:182px;height:auto\" srcset=\"https:\/\/agencia2205.com.br\/wp-content\/uploads\/2024\/07\/LOGO_Prancheta-1-3-1024x691.png 1024w, https:\/\/agencia2205.com.br\/wp-content\/uploads\/2024\/07\/LOGO_Prancheta-1-3-300x202.png 300w, https:\/\/agencia2205.com.br\/wp-content\/uploads\/2024\/07\/LOGO_Prancheta-1-3-768x518.png 768w, https:\/\/agencia2205.com.br\/wp-content\/uploads\/2024\/07\/LOGO_Prancheta-1-3-1536x1036.png 1536w, https:\/\/agencia2205.com.br\/wp-content\/uploads\/2024\/07\/LOGO_Prancheta-1-3-2048x1382.png 2048w\" sizes=\"auto, (max-width: 1024px) 100vw, 1024px\" \/><\/figure>\n\n\n\n<div style=\"height:100px;width:10px\" aria-hidden=\"true\" class=\"wp-block-spacer wp-container-content-728072c3\"><\/div>\n\n\n<\/div>\n<\/div>\n<\/div><\/div>\n<\/div><\/div>\n\n\n\n<div class=\"wp-block-cover alignfull\"><span aria-hidden=\"true\" class=\"wp-block-cover__background has-nv-c-2-background-color has-background-dim-100 has-background-dim\"><\/span><div class=\"wp-block-cover__inner-container is-layout-constrained wp-block-cover-is-layout-constrained\"><div class=\"wp-block-image is-style-rounded\">\n<figure class=\"aligncenter size-large is-resized\"><img loading=\"lazy\" decoding=\"async\" width=\"961\" height=\"1024\" src=\"https:\/\/agencia2205.com.br\/wp-content\/uploads\/2024\/06\/logo_cczl-961x1024.jpg\" alt=\"\" class=\"wp-image-483\" style=\"width:80px;height:80px\" srcset=\"https:\/\/agencia2205.com.br\/wp-content\/uploads\/2024\/06\/logo_cczl-961x1024.jpg 961w, https:\/\/agencia2205.com.br\/wp-content\/uploads\/2024\/06\/logo_cczl-281x300.jpg 281w, https:\/\/agencia2205.com.br\/wp-content\/uploads\/2024\/06\/logo_cczl-768x818.jpg 768w, https:\/\/agencia2205.com.br\/wp-content\/uploads\/2024\/06\/logo_cczl-1441x1536.jpg 1441w, https:\/\/agencia2205.com.br\/wp-content\/uploads\/2024\/06\/logo_cczl-1922x2048.jpg 1922w\" sizes=\"auto, (max-width: 961px) 100vw, 961px\" \/><\/figure>\n<\/div>\n\n\n<p class=\"has-text-align-center has-nv-text-dark-bg-color has-text-color\">\u201cA Ag\u00eancia 2205wv foi uma grata surpresa. Apresentou um projeto incr\u00edvel que estamos <br>colocando em pr\u00e1tica, surtindo efeitos positivos que jamais imagin\u00e1vamos.\u201d<\/p>\n\n\n\n<p class=\"has-text-align-center has-nv-text-dark-bg-color has-text-color\" style=\"font-size:14px\">PR. WILLIAM CARVALHO<\/p>\n<\/div><\/div>\n","protected":false},"excerpt":{"rendered":"","protected":false},"author":1,"featured_media":0,"parent":0,"menu_order":0,"comment_status":"closed","ping_status":"closed","template":"","meta":{"neve_meta_sidebar":"full-width","neve_meta_container":"","neve_meta_enable_content_width":"on","neve_meta_content_width":100,"neve_meta_title_alignment":"","neve_meta_author_avatar":"","neve_post_elements_order":"","neve_meta_disable_header":"","neve_meta_disable_footer":"","neve_meta_disable_title":"on","_themeisle_gutenberg_block_has_review":false,"footnotes":""},"class_list":["post-69","page","type-page","status-publish","hentry"],"_links":{"self":[{"href":"https:\/\/agencia2205.com.br\/index.php?rest_route=\/wp\/v2\/pages\/69","targetHints":{"allow":["GET"]}}],"collection":[{"href":"https:\/\/agencia2205.com.br\/index.php?rest_route=\/wp\/v2\/pages"}],"about":[{"href":"https:\/\/agencia2205.com.br\/index.php?rest_route=\/wp\/v2\/types\/page"}],"author":[{"embeddable":true,"href":"https:\/\/agencia2205.com.br\/index.php?rest_route=\/wp\/v2\/users\/1"}],"replies":[{"embeddable":true,"href":"https:\/\/agencia2205.com.br\/index.php?rest_route=%2Fwp%2Fv2%2Fcomments&post=69"}],"version-history":[{"count":7,"href":"https:\/\/agencia2205.com.br\/index.php?rest_route=\/wp\/v2\/pages\/69\/revisions"}],"predecessor-version":[{"id":554,"href":"https:\/\/agencia2205.com.br\/index.php?rest_route=\/wp\/v2\/pages\/69\/revisions\/554"}],"wp:attachment":[{"href":"https:\/\/agencia2205.com.br\/index.php?rest_route=%2Fwp%2Fv2%2Fmedia&parent=69"}],"curies":[{"name":"wp","href":"https:\/\/api.w.org\/{rel}","templated":true}]}}