{"id":61,"date":"2020-01-23T18:21:52","date_gmt":"2020-01-23T18:21:52","guid":{"rendered":"https:\/\/demosites.io\/web-agency-gb\/?page_id=61"},"modified":"2025-01-17T13:16:27","modified_gmt":"2025-01-17T16:16:27","slug":"15c42-web-agency-gb-about-us","status":"publish","type":"page","link":"https:\/\/agencia2205.com.br\/?page_id=61","title":{"rendered":"Sobre a 2205"},"content":{"rendered":"\n<div class=\"wp-block-cover alignfull\" style=\"min-height:300px;aspect-ratio:unset;\"><span aria-hidden=\"true\" class=\"wp-block-cover__background has-nv-site-bg-background-color has-background-dim-100 has-background-dim\"><\/span><div class=\"wp-block-cover__inner-container is-layout-flow wp-block-cover-is-layout-flow\">\n<div class=\"wp-block-group\"><div class=\"wp-block-group__inner-container is-layout-flow wp-block-group-is-layout-flow\">\n<h1 class=\"wp-block-heading has-text-align-left has-neve-text-color-color has-text-color\"><mark style=\"background-color:rgba(0, 0, 0, 0);color:#411e5a\" class=\"has-inline-color\">Sobre a 2205<\/mark><\/h1>\n<\/div><\/div>\n<\/div><\/div>\n\n\n\n<div class=\"wp-block-cover alignfull\" style=\"min-height:600px;aspect-ratio:unset;\"><span aria-hidden=\"true\" class=\"wp-block-cover__background has-nv-light-bg-background-color has-background-dim-100 has-background-dim\"><\/span><div class=\"wp-block-cover__inner-container is-layout-flow wp-block-cover-is-layout-flow\">\n<div class=\"wp-block-group\"><div class=\"wp-block-group__inner-container is-layout-flow wp-block-group-is-layout-flow\">\n<div style=\"height:80px\" aria-hidden=\"true\" class=\"wp-block-spacer\"><\/div>\n\n\n\n<div class=\"wp-block-columns are-vertically-aligned-center has-neve-text-color-color has-text-color is-layout-flex wp-container-core-columns-is-layout-9d6595d7 wp-block-columns-is-layout-flex\">\n<div class=\"wp-block-column is-vertically-aligned-center is-layout-flow wp-block-column-is-layout-flow\" style=\"flex-basis:50%\">\n<figure class=\"wp-block-image size-large\"><img loading=\"lazy\" decoding=\"async\" width=\"600\" height=\"600\" src=\"http:\/\/agencia2205.com.br\/wp-content\/uploads\/2020\/01\/neve-web-design-bg-09.jpg\" alt=\"\" class=\"wp-image-36\" srcset=\"https:\/\/agencia2205.com.br\/wp-content\/uploads\/2020\/01\/neve-web-design-bg-09.jpg 600w, https:\/\/agencia2205.com.br\/wp-content\/uploads\/2020\/01\/neve-web-design-bg-09-300x300.jpg 300w, https:\/\/agencia2205.com.br\/wp-content\/uploads\/2020\/01\/neve-web-design-bg-09-150x150.jpg 150w\" sizes=\"auto, (max-width: 600px) 100vw, 600px\" \/><\/figure>\n<\/div>\n\n\n\n<div class=\"wp-block-column is-vertically-aligned-center is-layout-flow wp-block-column-is-layout-flow\" style=\"flex-basis:50%\">\n<h2 class=\"wp-block-heading has-neve-text-color-color has-text-color\"><mark style=\"background-color:rgba(0, 0, 0, 0);color:#411e5a\" class=\"has-inline-color\">Manifesto<\/mark><\/h2>\n\n\n\n<p>Somos uma ag\u00eancia de marketing que nasceu do desejo de impulsionar empreendedores brasileiros por meio da gera\u00e7\u00e3o de consci\u00eancia de marca, da comunica\u00e7\u00e3o e das estrat\u00e9gias digitais.<\/p>\n\n\n\n<p>Nosso nome reflete nossa miss\u00e3o: assim como &#8220;WV&#8221; \u00e9 uma parte essencial, acreditamos que nossos clientes devem ser como a unidade de medida Watt, uma pot\u00eancia em seu ramo de atua\u00e7\u00e3o, irradiando todo seu potencial, e como a unidade de medida Volts, transmitindo energia e impacto.<\/p>\n<\/div>\n<\/div>\n\n\n\n<div style=\"height:40px\" aria-hidden=\"true\" class=\"wp-block-spacer\"><\/div>\n<\/div><\/div>\n<\/div><\/div>\n\n\n\n<div class=\"wp-block-cover alignfull\"><span aria-hidden=\"true\" class=\"wp-block-cover__background has-nv-c-2-background-color has-background-dim-100 has-background-dim\"><\/span><div class=\"wp-block-cover__inner-container is-layout-constrained wp-block-cover-is-layout-constrained\">\n<div style=\"height:80px\" aria-hidden=\"true\" class=\"wp-block-spacer\"><\/div>\n\n\n\n<div class=\"wp-block-columns are-vertically-aligned-center is-layout-flex wp-container-core-columns-is-layout-9d6595d7 wp-block-columns-is-layout-flex\">\n<div class=\"wp-block-column is-vertically-aligned-center is-layout-flow wp-block-column-is-layout-flow\" style=\"flex-basis:50%\">\n<p class=\"has-nv-text-dark-bg-color has-text-color has-link-color wp-elements-44af1c3e0312c07f94c15e9c266336d4\">Nossa abordagem vai al\u00e9m do convencional. Estamos constantemente atentos \u00e0s mudan\u00e7as de mercado e \u00e0s tend\u00eancias emergentes, para compreender verdadeiramente os neg\u00f3cios e as necessidades dos nossos clientes. Essa compreens\u00e3o nos permite oferecer servi\u00e7os e solu\u00e7\u00f5es personalizados, impulsionando seu crescimento e desempenho.<\/p>\n\n\n\n<p class=\"has-nv-text-dark-bg-color has-text-color has-link-color wp-elements-addc3f660f6e0810841ee99701631ef7\">Na parceria entre a 2205wv e voc\u00ea, est\u00e1 a combina\u00e7\u00e3o ideal para potencializar sua marca!<\/p>\n\n\n\n<div style=\"height:20px\" aria-hidden=\"true\" class=\"wp-block-spacer\"><\/div>\n\n\n\n<div class=\"wp-block-buttons is-layout-flex wp-block-buttons-is-layout-flex\">\n<div class=\"wp-block-button is-style-primary\"><a class=\"wp-block-button__link wp-element-button\" href=\"https:\/\/agencia2205.com.br\/web-agency-gb-contact-us\/\">Fale com a gente!<\/a><\/div>\n<\/div>\n\n\n\n<div style=\"height:20px\" aria-hidden=\"true\" class=\"wp-block-spacer\"><\/div>\n<\/div>\n\n\n\n<div class=\"wp-block-column is-vertically-aligned-center is-layout-flow wp-block-column-is-layout-flow\" style=\"flex-basis:50%\">\n<figure class=\"wp-block-image size-large\"><img loading=\"lazy\" decoding=\"async\" width=\"600\" height=\"600\" src=\"http:\/\/agencia2205.com.br\/wp-content\/uploads\/2020\/01\/neve-web-design-bg-12.jpg\" alt=\"\" class=\"wp-image-39\" srcset=\"https:\/\/agencia2205.com.br\/wp-content\/uploads\/2020\/01\/neve-web-design-bg-12.jpg 600w, https:\/\/agencia2205.com.br\/wp-content\/uploads\/2020\/01\/neve-web-design-bg-12-300x300.jpg 300w, https:\/\/agencia2205.com.br\/wp-content\/uploads\/2020\/01\/neve-web-design-bg-12-150x150.jpg 150w\" sizes=\"auto, (max-width: 600px) 100vw, 600px\" \/><\/figure>\n<\/div>\n<\/div>\n\n\n\n<div style=\"height:80px\" aria-hidden=\"true\" class=\"wp-block-spacer\"><\/div>\n<\/div><\/div>\n\n\n\n<div class=\"wp-block-cover alignfull\" style=\"min-height:600px;aspect-ratio:unset;\"><span aria-hidden=\"true\" class=\"wp-block-cover__background has-nv-light-bg-background-color has-background-dim-100 has-background-dim\"><\/span><div class=\"wp-block-cover__inner-container is-layout-flow wp-block-cover-is-layout-flow\">\n<div class=\"wp-block-group\"><div class=\"wp-block-group__inner-container is-layout-flow wp-block-group-is-layout-flow\">\n<div style=\"height:80px\" aria-hidden=\"true\" class=\"wp-block-spacer\"><\/div>\n\n\n\n<div class=\"wp-block-columns is-layout-flex wp-container-core-columns-is-layout-9d6595d7 wp-block-columns-is-layout-flex\">\n<div class=\"wp-block-column is-layout-flow wp-block-column-is-layout-flow\"><div class=\"wp-block-image is-style-default\">\n<figure class=\"aligncenter size-large\"><img loading=\"lazy\" decoding=\"async\" width=\"2560\" height=\"2560\" src=\"https:\/\/agencia2205.com.br\/wp-content\/uploads\/2024\/06\/IMG_0079-edited-scaled.jpg\" alt=\"\" class=\"wp-image-374\" srcset=\"https:\/\/agencia2205.com.br\/wp-content\/uploads\/2024\/06\/IMG_0079-edited-scaled.jpg 2560w, https:\/\/agencia2205.com.br\/wp-content\/uploads\/2024\/06\/IMG_0079-edited-300x300.jpg 300w, https:\/\/agencia2205.com.br\/wp-content\/uploads\/2024\/06\/IMG_0079-edited-1024x1024.jpg 1024w, https:\/\/agencia2205.com.br\/wp-content\/uploads\/2024\/06\/IMG_0079-edited-150x150.jpg 150w, https:\/\/agencia2205.com.br\/wp-content\/uploads\/2024\/06\/IMG_0079-edited-768x768.jpg 768w, https:\/\/agencia2205.com.br\/wp-content\/uploads\/2024\/06\/IMG_0079-edited-1536x1536.jpg 1536w, https:\/\/agencia2205.com.br\/wp-content\/uploads\/2024\/06\/IMG_0079-edited-2048x2048.jpg 2048w\" sizes=\"auto, (max-width: 2560px) 100vw, 2560px\" \/><\/figure>\n<\/div>\n\n\n<div style=\"height:22px\" aria-hidden=\"true\" class=\"wp-block-spacer\"><\/div>\n\n\n\n<h3 class=\"wp-block-heading has-text-align-center has-neve-text-color-color has-text-color\">Wagner Batizelli<\/h3>\n\n\n\n<p class=\"has-text-align-center has-neve-text-color-color has-text-color\">S\u00f3cio Fundador<\/p>\n\n\n\n<ul class=\"wp-block-social-links aligncenter is-layout-flex wp-block-social-links-is-layout-flex\"><li class=\"wp-social-link wp-social-link-linkedin  wp-block-social-link\"><a href=\"http:\/\/www.linkedin.com\/in\/wagnerbatizelli\" class=\"wp-block-social-link-anchor\"><svg width=\"24\" height=\"24\" viewBox=\"0 0 24 24\" version=\"1.1\" xmlns=\"http:\/\/www.w3.org\/2000\/svg\" aria-hidden=\"true\" focusable=\"false\"><path d=\"M19.7,3H4.3C3.582,3,3,3.582,3,4.3v15.4C3,20.418,3.582,21,4.3,21h15.4c0.718,0,1.3-0.582,1.3-1.3V4.3 C21,3.582,20.418,3,19.7,3z M8.339,18.338H5.667v-8.59h2.672V18.338z M7.004,8.574c-0.857,0-1.549-0.694-1.549-1.548 c0-0.855,0.691-1.548,1.549-1.548c0.854,0,1.547,0.694,1.547,1.548C8.551,7.881,7.858,8.574,7.004,8.574z M18.339,18.338h-2.669 v-4.177c0-0.996-0.017-2.278-1.387-2.278c-1.389,0-1.601,1.086-1.601,2.206v4.249h-2.667v-8.59h2.559v1.174h0.037 c0.356-0.675,1.227-1.387,2.526-1.387c2.703,0,3.203,1.779,3.203,4.092V18.338z\"><\/path><\/svg><span class=\"wp-block-social-link-label screen-reader-text\">LinkedIn<\/span><\/a><\/li><\/ul>\n\n\n\n<div style=\"height:40px\" aria-hidden=\"true\" class=\"wp-block-spacer\"><\/div>\n<\/div>\n\n\n\n<div class=\"wp-block-column is-layout-flow wp-block-column-is-layout-flow\"><div class=\"wp-block-image is-style-default\">\n<figure class=\"aligncenter size-large\"><img loading=\"lazy\" decoding=\"async\" width=\"768\" height=\"1024\" src=\"https:\/\/agencia2205.com.br\/wp-content\/uploads\/2025\/01\/WhatsApp-Image-2025-01-16-at-16.35.02-768x1024.jpeg\" alt=\"\" class=\"wp-image-597\" style=\"aspect-ratio:1;object-fit:cover\" srcset=\"https:\/\/agencia2205.com.br\/wp-content\/uploads\/2025\/01\/WhatsApp-Image-2025-01-16-at-16.35.02-768x1024.jpeg 768w, https:\/\/agencia2205.com.br\/wp-content\/uploads\/2025\/01\/WhatsApp-Image-2025-01-16-at-16.35.02-225x300.jpeg 225w, https:\/\/agencia2205.com.br\/wp-content\/uploads\/2025\/01\/WhatsApp-Image-2025-01-16-at-16.35.02.jpeg 960w\" sizes=\"auto, (max-width: 768px) 100vw, 768px\" \/><\/figure>\n<\/div>\n\n\n<div style=\"height:22px\" aria-hidden=\"true\" class=\"wp-block-spacer\"><\/div>\n\n\n\n<h3 class=\"wp-block-heading has-text-align-center has-neve-text-color-color has-text-color\">Vivian Batizelli Koqui<\/h3>\n\n\n\n<p class=\"has-text-align-center has-neve-text-color-color has-text-color\">S\u00f3cia Fundadora<\/p>\n\n\n\n<ul class=\"wp-block-social-links aligncenter is-layout-flex wp-block-social-links-is-layout-flex\"><li class=\"wp-social-link wp-social-link-linkedin  wp-block-social-link\"><a href=\"https:\/\/www.linkedin.com\/in\/vivianbatizellikoqui\/\" class=\"wp-block-social-link-anchor\"><svg width=\"24\" height=\"24\" viewBox=\"0 0 24 24\" version=\"1.1\" xmlns=\"http:\/\/www.w3.org\/2000\/svg\" aria-hidden=\"true\" focusable=\"false\"><path d=\"M19.7,3H4.3C3.582,3,3,3.582,3,4.3v15.4C3,20.418,3.582,21,4.3,21h15.4c0.718,0,1.3-0.582,1.3-1.3V4.3 C21,3.582,20.418,3,19.7,3z M8.339,18.338H5.667v-8.59h2.672V18.338z M7.004,8.574c-0.857,0-1.549-0.694-1.549-1.548 c0-0.855,0.691-1.548,1.549-1.548c0.854,0,1.547,0.694,1.547,1.548C8.551,7.881,7.858,8.574,7.004,8.574z M18.339,18.338h-2.669 v-4.177c0-0.996-0.017-2.278-1.387-2.278c-1.389,0-1.601,1.086-1.601,2.206v4.249h-2.667v-8.59h2.559v1.174h0.037 c0.356-0.675,1.227-1.387,2.526-1.387c2.703,0,3.203,1.779,3.203,4.092V18.338z\"><\/path><\/svg><span class=\"wp-block-social-link-label screen-reader-text\">LinkedIn<\/span><\/a><\/li><\/ul>\n<\/div>\n\n\n\n<div class=\"wp-block-column is-layout-flow wp-block-column-is-layout-flow\">\n<div style=\"height:40px\" aria-hidden=\"true\" class=\"wp-block-spacer\"><\/div>\n<\/div>\n<\/div>\n\n\n\n<div style=\"height:40px\" aria-hidden=\"true\" class=\"wp-block-spacer\"><\/div>\n<\/div><\/div>\n<\/div><\/div>\n","protected":false},"excerpt":{"rendered":"","protected":false},"author":1,"featured_media":0,"parent":0,"menu_order":0,"comment_status":"closed","ping_status":"closed","template":"","meta":{"neve_meta_sidebar":"default","neve_meta_container":"default","neve_meta_enable_content_width":"on","neve_meta_content_width":100,"neve_meta_title_alignment":"","neve_meta_author_avatar":"","neve_post_elements_order":"","neve_meta_disable_header":"","neve_meta_disable_footer":"","neve_meta_disable_title":"on","_themeisle_gutenberg_block_has_review":false,"footnotes":""},"class_list":["post-61","page","type-page","status-publish","hentry"],"_links":{"self":[{"href":"https:\/\/agencia2205.com.br\/index.php?rest_route=\/wp\/v2\/pages\/61","targetHints":{"allow":["GET"]}}],"collection":[{"href":"https:\/\/agencia2205.com.br\/index.php?rest_route=\/wp\/v2\/pages"}],"about":[{"href":"https:\/\/agencia2205.com.br\/index.php?rest_route=\/wp\/v2\/types\/page"}],"author":[{"embeddable":true,"href":"https:\/\/agencia2205.com.br\/index.php?rest_route=\/wp\/v2\/users\/1"}],"replies":[{"embeddable":true,"href":"https:\/\/agencia2205.com.br\/index.php?rest_route=%2Fwp%2Fv2%2Fcomments&post=61"}],"version-history":[{"count":5,"href":"https:\/\/agencia2205.com.br\/index.php?rest_route=\/wp\/v2\/pages\/61\/revisions"}],"predecessor-version":[{"id":598,"href":"https:\/\/agencia2205.com.br\/index.php?rest_route=\/wp\/v2\/pages\/61\/revisions\/598"}],"wp:attachment":[{"href":"https:\/\/agencia2205.com.br\/index.php?rest_route=%2Fwp%2Fv2%2Fmedia&parent=61"}],"curies":[{"name":"wp","href":"https:\/\/api.w.org\/{rel}","templated":true}]}}