{"id":309,"date":"2020-01-13T11:17:52","date_gmt":"2020-01-13T11:17:52","guid":{"rendered":"https:\/\/demosites.io\/web-agency-gb\/?page_id=5"},"modified":"2025-08-22T20:38:13","modified_gmt":"2025-08-22T23:38:13","slug":"15c42-web-agency-gb-home","status":"publish","type":"page","link":"https:\/\/agencia2205.com.br\/","title":{"rendered":"Home"},"content":{"rendered":"\n<div class=\"wp-block-cover alignfull\" style=\"min-height:477px;aspect-ratio:unset;\"><img loading=\"lazy\" decoding=\"async\" width=\"1024\" height=\"256\" class=\"wp-block-cover__image-background wp-image-688 size-large\" alt=\"\" src=\"http:\/\/agencia2205.com.br\/wp-content\/uploads\/2025\/08\/banner3-1024x256.png\" data-object-fit=\"cover\" srcset=\"https:\/\/agencia2205.com.br\/wp-content\/uploads\/2025\/08\/banner3-1024x256.png 1024w, https:\/\/agencia2205.com.br\/wp-content\/uploads\/2025\/08\/banner3-300x75.png 300w, https:\/\/agencia2205.com.br\/wp-content\/uploads\/2025\/08\/banner3-768x192.png 768w, https:\/\/agencia2205.com.br\/wp-content\/uploads\/2025\/08\/banner3-1536x384.png 1536w, https:\/\/agencia2205.com.br\/wp-content\/uploads\/2025\/08\/banner3-2048x512.png 2048w\" sizes=\"auto, (max-width: 1024px) 100vw, 1024px\" \/><span aria-hidden=\"true\" class=\"wp-block-cover__background has-background-dim-0 has-background-dim\" style=\"background-color:#123b40\"><\/span><div class=\"wp-block-cover__inner-container is-layout-flow wp-block-cover-is-layout-flow\">\n<div style=\"height:45px\" aria-hidden=\"true\" class=\"wp-block-spacer\"><\/div>\n\n\n\n<h1 class=\"wp-block-heading has-text-align-center has-text-color\" style=\"color:#121212\"><\/h1>\n\n\n\n<div style=\"height:45px\" aria-hidden=\"true\" class=\"wp-block-spacer\"><\/div>\n\n\n\n<div style=\"height:80px\" aria-hidden=\"true\" class=\"wp-block-spacer\"><\/div>\n<\/div><\/div>\n\n\n\n<div style=\"height:45px\" aria-hidden=\"true\" class=\"wp-block-spacer\"><\/div>\n\n\n\n<div class=\"wp-block-columns is-layout-flex wp-container-core-columns-is-layout-9d6595d7 wp-block-columns-is-layout-flex\">\n<div class=\"wp-block-column is-layout-flow wp-block-column-is-layout-flow\"><div class=\"wp-block-image\">\n<figure class=\"aligncenter size-large is-resized\"><img loading=\"lazy\" decoding=\"async\" width=\"801\" height=\"1024\" src=\"https:\/\/agencia2205.com.br\/wp-content\/uploads\/2024\/09\/2205WV-ZERO-COM-RAIO-ROXO-1-801x1024.png\" alt=\"\" class=\"wp-image-586\" style=\"width:70px;height:auto\" srcset=\"https:\/\/agencia2205.com.br\/wp-content\/uploads\/2024\/09\/2205WV-ZERO-COM-RAIO-ROXO-1-801x1024.png 801w, https:\/\/agencia2205.com.br\/wp-content\/uploads\/2024\/09\/2205WV-ZERO-COM-RAIO-ROXO-1-235x300.png 235w, https:\/\/agencia2205.com.br\/wp-content\/uploads\/2024\/09\/2205WV-ZERO-COM-RAIO-ROXO-1-768x981.png 768w, https:\/\/agencia2205.com.br\/wp-content\/uploads\/2024\/09\/2205WV-ZERO-COM-RAIO-ROXO-1.png 814w\" sizes=\"auto, (max-width: 801px) 100vw, 801px\" \/><\/figure>\n<\/div>\n\n\n<h3 class=\"wp-block-heading has-text-align-center has-neve-text-color-color has-text-color\"><mark style=\"background-color:rgba(0, 0, 0, 0);color:#411e5a\" class=\"has-inline-color\">Projetos personalizados<\/mark><\/h3>\n\n\n\n<p class=\"has-text-align-center\">Sabemos que cada neg\u00f3cio tem a sua particularidade, por isso, a 2205 desenvolve projetos que tenham a cara do seu neg\u00f3cio.<\/p>\n\n\n\n<div style=\"height:20px\" aria-hidden=\"true\" class=\"wp-block-spacer\"><\/div>\n<\/div>\n\n\n\n<div class=\"wp-block-column is-layout-flow wp-block-column-is-layout-flow\"><div class=\"wp-block-image\">\n<figure class=\"aligncenter size-large is-resized\"><img loading=\"lazy\" decoding=\"async\" width=\"801\" height=\"1024\" src=\"https:\/\/agencia2205.com.br\/wp-content\/uploads\/2024\/09\/2205WV-ZERO-COM-RAIO-AMARELO-801x1024.png\" alt=\"\" class=\"wp-image-587\" style=\"width:72px;height:auto\" srcset=\"https:\/\/agencia2205.com.br\/wp-content\/uploads\/2024\/09\/2205WV-ZERO-COM-RAIO-AMARELO-801x1024.png 801w, https:\/\/agencia2205.com.br\/wp-content\/uploads\/2024\/09\/2205WV-ZERO-COM-RAIO-AMARELO-235x300.png 235w, https:\/\/agencia2205.com.br\/wp-content\/uploads\/2024\/09\/2205WV-ZERO-COM-RAIO-AMARELO-768x981.png 768w, https:\/\/agencia2205.com.br\/wp-content\/uploads\/2024\/09\/2205WV-ZERO-COM-RAIO-AMARELO.png 814w\" sizes=\"auto, (max-width: 801px) 100vw, 801px\" \/><\/figure>\n<\/div>\n\n\n<h3 class=\"wp-block-heading has-text-align-center has-neve-text-color-color has-text-color\"><mark style=\"background-color:rgba(0, 0, 0, 0);color:#411e5a\" class=\"has-inline-color\">Seu projeto com requinte<\/mark><\/h3>\n\n\n\n<p class=\"has-text-align-center\">N\u00e3o importa o tamanho do seu neg\u00f3cio, entregamos o seu projeto com cuidado, dedica\u00e7\u00e3o e requinte.<\/p>\n\n\n\n<div style=\"height:20px\" aria-hidden=\"true\" class=\"wp-block-spacer\"><\/div>\n<\/div>\n\n\n\n<div class=\"wp-block-column is-layout-flow wp-block-column-is-layout-flow\"><div class=\"wp-block-image\">\n<figure class=\"aligncenter size-large is-resized\"><img loading=\"lazy\" decoding=\"async\" width=\"801\" height=\"1024\" src=\"https:\/\/agencia2205.com.br\/wp-content\/uploads\/2024\/09\/2205WV-ZERO-COM-RAIO-ROSA-801x1024.png\" alt=\"\" class=\"wp-image-588\" style=\"width:71px;height:auto\" srcset=\"https:\/\/agencia2205.com.br\/wp-content\/uploads\/2024\/09\/2205WV-ZERO-COM-RAIO-ROSA-801x1024.png 801w, https:\/\/agencia2205.com.br\/wp-content\/uploads\/2024\/09\/2205WV-ZERO-COM-RAIO-ROSA-235x300.png 235w, https:\/\/agencia2205.com.br\/wp-content\/uploads\/2024\/09\/2205WV-ZERO-COM-RAIO-ROSA-768x981.png 768w, https:\/\/agencia2205.com.br\/wp-content\/uploads\/2024\/09\/2205WV-ZERO-COM-RAIO-ROSA.png 814w\" sizes=\"auto, (max-width: 801px) 100vw, 801px\" \/><\/figure>\n<\/div>\n\n\n<h3 class=\"wp-block-heading has-text-align-center has-neve-text-color-color has-text-color\"><mark style=\"background-color:rgba(0, 0, 0, 0);color:#411e5a\" class=\"has-inline-color\">Agilidade e seguran\u00e7a<\/mark><\/h3>\n\n\n\n<p class=\"has-text-align-center\">Agilidade e seguran\u00e7a \u00e9 o nosso forte. Por isso cuidamos para que todo projeto seja entrega dentro do prazo e com seguran\u00e7a.<\/p>\n\n\n\n<div style=\"height:20px\" aria-hidden=\"true\" class=\"wp-block-spacer\"><\/div>\n<\/div>\n<\/div>\n\n\n\n<div style=\"height:45px\" aria-hidden=\"true\" class=\"wp-block-spacer\"><\/div>\n\n\n\n<div class=\"wp-block-cover alignfull\" style=\"min-height:600px;aspect-ratio:unset;\"><span aria-hidden=\"true\" class=\"wp-block-cover__background has-nv-light-bg-background-color has-background-dim-100 has-background-dim\"><\/span><div class=\"wp-block-cover__inner-container is-layout-flow wp-block-cover-is-layout-flow\">\n<div class=\"wp-block-group\"><div class=\"wp-block-group__inner-container is-layout-flow wp-block-group-is-layout-flow\">\n<div style=\"height:45px\" aria-hidden=\"true\" class=\"wp-block-spacer\"><\/div>\n\n\n\n<div class=\"wp-block-columns are-vertically-aligned-center is-layout-flex wp-container-core-columns-is-layout-9d6595d7 wp-block-columns-is-layout-flex\">\n<div class=\"wp-block-column is-vertically-aligned-center is-layout-flow wp-block-column-is-layout-flow\" style=\"flex-basis:50%\">\n<figure class=\"wp-block-image size-large\"><img loading=\"lazy\" decoding=\"async\" width=\"1024\" height=\"683\" src=\"http:\/\/agencia2205.com.br\/wp-content\/uploads\/2024\/06\/internet-4463031_1920-1024x683.jpg\" alt=\"\" class=\"wp-image-401\" srcset=\"https:\/\/agencia2205.com.br\/wp-content\/uploads\/2024\/06\/internet-4463031_1920-1024x683.jpg 1024w, https:\/\/agencia2205.com.br\/wp-content\/uploads\/2024\/06\/internet-4463031_1920-300x200.jpg 300w, https:\/\/agencia2205.com.br\/wp-content\/uploads\/2024\/06\/internet-4463031_1920-768x512.jpg 768w, https:\/\/agencia2205.com.br\/wp-content\/uploads\/2024\/06\/internet-4463031_1920-1536x1024.jpg 1536w, https:\/\/agencia2205.com.br\/wp-content\/uploads\/2024\/06\/internet-4463031_1920-930x620.jpg 930w, https:\/\/agencia2205.com.br\/wp-content\/uploads\/2024\/06\/internet-4463031_1920.jpg 1920w\" sizes=\"auto, (max-width: 1024px) 100vw, 1024px\" \/><\/figure>\n<\/div>\n\n\n\n<div class=\"wp-block-column is-vertically-aligned-center is-layout-flow wp-block-column-is-layout-flow\" style=\"flex-basis:50%\">\n<div style=\"height:20px\" aria-hidden=\"true\" class=\"wp-block-spacer\"><\/div>\n\n\n\n<h2 class=\"wp-block-heading has-text-align-left has-neve-text-color-color has-text-color\"><mark style=\"background-color:rgba(0, 0, 0, 0);color:#411e5a\" class=\"has-inline-color\">Marketing Digital<\/mark><\/h2>\n\n\n\n<p class=\"has-text-align-left has-neve-text-color-color has-text-color\" style=\"font-size:17px\">Nosso trabalho \u00e9 muito mais do que um post nas redes sociais. O nosso objetivo \u00e9 gerar consci\u00eancia de marca, fazendo com que o seu digital seja como o acender de uma l\u00e2mpada: a carga gerada pelas estrat\u00e9gias cuidadosamente pensadas para sua empresa vai gerar energia para alcan\u00e7ar seus objetivos de forma org\u00e2nica e eficaz.<\/p>\n\n\n\n<div class=\"wp-block-buttons is-horizontal is-content-justification-left is-layout-flex wp-container-core-buttons-is-layout-7e5fce0a wp-block-buttons-is-layout-flex\">\n<div class=\"wp-block-button is-style-primary\"><a class=\"wp-block-button__link wp-element-button\" href=\"https:\/\/agencia2205.com.br\/?page_id=13\">SAIBA MAIS<\/a><\/div>\n<\/div>\n<\/div>\n<\/div>\n\n\n\n<div style=\"height:45px\" aria-hidden=\"true\" class=\"wp-block-spacer\"><\/div>\n<\/div><\/div>\n<\/div><\/div>\n\n\n\n<div class=\"wp-block-cover alignfull\" style=\"min-height:600px;aspect-ratio:unset;\"><span aria-hidden=\"true\" class=\"wp-block-cover__background has-nv-site-bg-background-color has-background-dim-100 has-background-dim\"><\/span><div class=\"wp-block-cover__inner-container is-layout-flow wp-block-cover-is-layout-flow\">\n<div class=\"wp-block-group\"><div class=\"wp-block-group__inner-container is-layout-flow wp-block-group-is-layout-flow\">\n<div style=\"height:45px\" aria-hidden=\"true\" class=\"wp-block-spacer\"><\/div>\n\n\n\n<div class=\"wp-block-columns are-vertically-aligned-center is-layout-flex wp-container-core-columns-is-layout-9d6595d7 wp-block-columns-is-layout-flex\">\n<div class=\"wp-block-column is-vertically-aligned-center is-layout-flow wp-block-column-is-layout-flow\" style=\"flex-basis:50%\">\n<h2 class=\"wp-block-heading has-text-align-left has-neve-text-color-color has-text-color\"><mark style=\"background-color:rgba(0, 0, 0, 0);color:#411e5a\" class=\"has-inline-color\">E-commerce<\/mark><\/h2>\n\n\n\n<p class=\"has-text-align-left has-neve-text-color-color has-text-color\" style=\"font-size:17px\">Quer oferecer a melhor experi\u00eancia para seus clientes na sua loja online? Um layout original faz toda a diferen\u00e7a, transmitindo confian\u00e7a e credibilidade para sua marca. Por isso, investir em um layout para e-commerce bem estruturado \u00e9 essencial para impulsionar suas vendas no mundo digital.&nbsp;<\/p>\n\n\n\n<p class=\"has-neve-text-color-color has-text-color has-link-color wp-elements-0b6bdfe8d5f3e1ac5777825b24139a8e\">A Ag\u00eancia 2205 \u00e9 uma ag\u00eancia parceira <strong>NuvemShop<\/strong>. A NuvemShop \u00e9 uma plataforma de e-commerce, l\u00edder na Am\u00e9rica Latina, com mais de 150 mil lojas ativas, que atende desde o pequeno varejista at\u00e9 os neg\u00f3cios que j\u00e1 faturam milh\u00f5es.<\/p>\n\n\n\n<figure class=\"wp-block-image size-full is-resized\"><img loading=\"lazy\" decoding=\"async\" width=\"807\" height=\"449\" src=\"http:\/\/agencia2205.com.br\/wp-content\/uploads\/2025\/01\/Nuvemshop-Partners-Parceiro-Silver_1.webp\" alt=\"\" class=\"wp-image-599\" style=\"width:141px;height:auto\" srcset=\"https:\/\/agencia2205.com.br\/wp-content\/uploads\/2025\/01\/Nuvemshop-Partners-Parceiro-Silver_1.webp 807w, https:\/\/agencia2205.com.br\/wp-content\/uploads\/2025\/01\/Nuvemshop-Partners-Parceiro-Silver_1-300x167.webp 300w, https:\/\/agencia2205.com.br\/wp-content\/uploads\/2025\/01\/Nuvemshop-Partners-Parceiro-Silver_1-768x427.webp 768w\" sizes=\"auto, (max-width: 807px) 100vw, 807px\" \/><\/figure>\n\n\n\n<div style=\"height:24px\" aria-hidden=\"true\" class=\"wp-block-spacer\"><\/div>\n\n\n\n<div class=\"wp-block-buttons is-horizontal is-content-justification-left is-layout-flex wp-container-core-buttons-is-layout-7e5fce0a wp-block-buttons-is-layout-flex\">\n<div class=\"wp-block-button is-style-primary\"><a class=\"wp-block-button__link wp-element-button\" href=\"https:\/\/agencia2205.com.br\/web-agency-gb-portfolio-single\/\">SAIBA MAIS<\/a><\/div>\n<\/div>\n\n\n\n<div style=\"height:40px\" aria-hidden=\"true\" class=\"wp-block-spacer\"><\/div>\n<\/div>\n\n\n\n<div class=\"wp-block-column is-vertically-aligned-center is-layout-flow wp-block-column-is-layout-flow\" style=\"flex-basis:50%\">\n<figure class=\"wp-block-image size-full\"><img loading=\"lazy\" decoding=\"async\" width=\"1000\" height=\"664\" src=\"http:\/\/agencia2205.com.br\/wp-content\/uploads\/2024\/06\/91993-ecommerce-e-loja-fisica-entenda-quais-sao-as-diferencas.jpg\" alt=\"\" class=\"wp-image-402\" srcset=\"https:\/\/agencia2205.com.br\/wp-content\/uploads\/2024\/06\/91993-ecommerce-e-loja-fisica-entenda-quais-sao-as-diferencas.jpg 1000w, https:\/\/agencia2205.com.br\/wp-content\/uploads\/2024\/06\/91993-ecommerce-e-loja-fisica-entenda-quais-sao-as-diferencas-300x199.jpg 300w, https:\/\/agencia2205.com.br\/wp-content\/uploads\/2024\/06\/91993-ecommerce-e-loja-fisica-entenda-quais-sao-as-diferencas-768x510.jpg 768w\" sizes=\"auto, (max-width: 1000px) 100vw, 1000px\" \/><\/figure>\n<\/div>\n<\/div>\n\n\n\n<div style=\"height:45px\" aria-hidden=\"true\" class=\"wp-block-spacer\"><\/div>\n<\/div><\/div>\n<\/div><\/div>\n\n\n\n<div class=\"wp-block-cover alignfull\" style=\"min-height:600px;aspect-ratio:unset;\"><span aria-hidden=\"true\" class=\"wp-block-cover__background has-nv-dark-bg-background-color has-background-dim-100 has-background-dim\"><\/span><div class=\"wp-block-cover__inner-container is-layout-flow wp-block-cover-is-layout-flow\">\n<div class=\"wp-block-group\"><div class=\"wp-block-group__inner-container is-layout-flow wp-block-group-is-layout-flow\">\n<div style=\"height:45px\" aria-hidden=\"true\" class=\"wp-block-spacer\"><\/div>\n\n\n\n<div class=\"wp-block-columns are-vertically-aligned-center is-layout-flex wp-container-core-columns-is-layout-9d6595d7 wp-block-columns-is-layout-flex\">\n<div class=\"wp-block-column is-vertically-aligned-center is-layout-flow wp-block-column-is-layout-flow\" style=\"flex-basis:50%\">\n<figure class=\"wp-block-image size-full\"><img loading=\"lazy\" decoding=\"async\" width=\"1000\" height=\"714\" src=\"http:\/\/agencia2205.com.br\/wp-content\/uploads\/2024\/06\/Assessoria-de-imprensa-KR2C.jpeg\" alt=\"\" class=\"wp-image-403\" srcset=\"https:\/\/agencia2205.com.br\/wp-content\/uploads\/2024\/06\/Assessoria-de-imprensa-KR2C.jpeg 1000w, https:\/\/agencia2205.com.br\/wp-content\/uploads\/2024\/06\/Assessoria-de-imprensa-KR2C-300x214.jpeg 300w, https:\/\/agencia2205.com.br\/wp-content\/uploads\/2024\/06\/Assessoria-de-imprensa-KR2C-768x548.jpeg 768w\" sizes=\"auto, (max-width: 1000px) 100vw, 1000px\" \/><\/figure>\n<\/div>\n\n\n\n<div class=\"wp-block-column is-vertically-aligned-center is-layout-flow wp-block-column-is-layout-flow\" style=\"flex-basis:50%\">\n<div style=\"height:40px\" aria-hidden=\"true\" class=\"wp-block-spacer\"><\/div>\n\n\n\n<h2 class=\"wp-block-heading has-text-align-left has-nv-text-dark-bg-color has-text-color\">Assessoria de Imprensa<\/h2>\n\n\n\n<p class=\"has-text-align-left has-nv-text-dark-bg-color has-text-color\" style=\"font-size:17px\">Trabalhamos lado a lado com voc\u00ea para desenvolver a estrat\u00e9gia de comunica\u00e7\u00e3o perfeita, com um planejamento detalhado e cronograma de a\u00e7\u00f5es que garantem resultados excepcionais..<\/p>\n\n\n\n<div class=\"wp-block-buttons is-horizontal is-content-justification-left is-layout-flex wp-container-core-buttons-is-layout-7e5fce0a wp-block-buttons-is-layout-flex\">\n<div class=\"wp-block-button is-style-primary\"><a class=\"wp-block-button__link wp-element-button\" href=\"https:\/\/agencia2205.com.br\/web-agency-gb-about-us\/\">SAIBA MAIS<\/a><\/div>\n<\/div>\n<\/div>\n<\/div>\n\n\n\n<div style=\"height:45px\" aria-hidden=\"true\" class=\"wp-block-spacer\"><\/div>\n<\/div><\/div>\n<\/div><\/div>\n\n\n\n<div class=\"wp-block-cover alignfull\" style=\"min-height:600px;aspect-ratio:unset;\"><span aria-hidden=\"true\" class=\"wp-block-cover__background has-nv-site-bg-background-color has-background-dim-100 has-background-dim\"><\/span><div class=\"wp-block-cover__inner-container is-layout-flow wp-block-cover-is-layout-flow\">\n<div class=\"wp-block-group\"><div class=\"wp-block-group__inner-container is-layout-flow wp-block-group-is-layout-flow\">\n<div style=\"height:45px\" aria-hidden=\"true\" class=\"wp-block-spacer\"><\/div>\n\n\n\n<div class=\"wp-block-columns are-vertically-aligned-center is-layout-flex wp-container-core-columns-is-layout-9d6595d7 wp-block-columns-is-layout-flex\">\n<div class=\"wp-block-column is-vertically-aligned-center is-layout-flow wp-block-column-is-layout-flow\" style=\"flex-basis:50%\">\n<h2 class=\"wp-block-heading\"><mark style=\"background-color:rgba(0, 0, 0, 0);color:#411e5a\" class=\"has-inline-color\">Marketing Jur\u00eddico<\/mark><\/h2>\n\n\n\n<p class=\"has-neve-text-color-color has-text-color has-link-color wp-elements-64383343c67ffa3631a4532df76ed8ab\">Fortalecemos a sua imagem e a de seu escrit\u00f3rio no meio digital, sem ferir o C\u00f3digo de \u00c9tica e Disciplina da OAB, utilizando t\u00e9cnicas personalizadas para atender suas demandas e objetivos.<\/p>\n\n\n\n<div class=\"wp-block-buttons is-horizontal is-content-justification-left is-layout-flex wp-container-core-buttons-is-layout-7e5fce0a wp-block-buttons-is-layout-flex\">\n<div class=\"wp-block-button is-style-primary\"><a class=\"wp-block-button__link wp-element-button\" href=\"https:\/\/agencia2205.com.br\/web-agency-gb-about-us\/\">SAIBA MAIS<\/a><\/div>\n<\/div>\n<\/div>\n\n\n\n<div class=\"wp-block-column is-layout-flow wp-block-column-is-layout-flow\"><\/div>\n\n\n\n<div class=\"wp-block-column is-vertically-aligned-center is-layout-flow wp-block-column-is-layout-flow\" style=\"flex-basis:50%\">\n<figure class=\"wp-block-image size-large\"><img loading=\"lazy\" decoding=\"async\" width=\"1024\" height=\"683\" src=\"http:\/\/agencia2205.com.br\/wp-content\/uploads\/2024\/06\/ai-generated-8751926_1920-1024x683.jpg\" alt=\"\" class=\"wp-image-404\" srcset=\"https:\/\/agencia2205.com.br\/wp-content\/uploads\/2024\/06\/ai-generated-8751926_1920-1024x683.jpg 1024w, https:\/\/agencia2205.com.br\/wp-content\/uploads\/2024\/06\/ai-generated-8751926_1920-300x200.jpg 300w, https:\/\/agencia2205.com.br\/wp-content\/uploads\/2024\/06\/ai-generated-8751926_1920-768x512.jpg 768w, https:\/\/agencia2205.com.br\/wp-content\/uploads\/2024\/06\/ai-generated-8751926_1920-1536x1024.jpg 1536w, https:\/\/agencia2205.com.br\/wp-content\/uploads\/2024\/06\/ai-generated-8751926_1920-930x620.jpg 930w, https:\/\/agencia2205.com.br\/wp-content\/uploads\/2024\/06\/ai-generated-8751926_1920.jpg 1920w\" sizes=\"auto, (max-width: 1024px) 100vw, 1024px\" \/><\/figure>\n\n\n\n<div style=\"height:40px\" aria-hidden=\"true\" class=\"wp-block-spacer\"><\/div>\n<\/div>\n<\/div>\n\n\n\n<div style=\"height:45px\" aria-hidden=\"true\" class=\"wp-block-spacer\"><\/div>\n<\/div><\/div>\n<\/div><\/div>\n\n\n\n<div class=\"wp-block-cover alignfull\" style=\"min-height:420px;aspect-ratio:unset;\"><span aria-hidden=\"true\" class=\"wp-block-cover__background has-nv-light-bg-background-color has-background-dim-100 has-background-dim\"><\/span><div class=\"wp-block-cover__inner-container is-layout-flow wp-block-cover-is-layout-flow\">\n<div style=\"height:45px\" aria-hidden=\"true\" class=\"wp-block-spacer\"><\/div>\n\n\n\n<div class=\"wp-block-columns is-layout-flex wp-container-core-columns-is-layout-9d6595d7 wp-block-columns-is-layout-flex\">\n<div class=\"wp-block-column ticss-4ce656f1 is-layout-flow wp-block-column-is-layout-flow\"><div class=\"wp-block-image is-style-rounded\">\n<figure class=\"aligncenter size-large is-resized\"><img loading=\"lazy\" decoding=\"async\" width=\"961\" height=\"1024\" src=\"http:\/\/agencia2205.com.br\/wp-content\/uploads\/2024\/06\/logo_cczl-961x1024.jpg\" alt=\"\" class=\"wp-image-483\" style=\"aspect-ratio:1;width:84px;height:auto\" srcset=\"https:\/\/agencia2205.com.br\/wp-content\/uploads\/2024\/06\/logo_cczl-961x1024.jpg 961w, https:\/\/agencia2205.com.br\/wp-content\/uploads\/2024\/06\/logo_cczl-281x300.jpg 281w, https:\/\/agencia2205.com.br\/wp-content\/uploads\/2024\/06\/logo_cczl-768x818.jpg 768w, https:\/\/agencia2205.com.br\/wp-content\/uploads\/2024\/06\/logo_cczl-1441x1536.jpg 1441w, https:\/\/agencia2205.com.br\/wp-content\/uploads\/2024\/06\/logo_cczl-1922x2048.jpg 1922w\" sizes=\"auto, (max-width: 961px) 100vw, 961px\" \/><\/figure>\n<\/div>\n\n\n<div style=\"height:24px\" aria-hidden=\"true\" class=\"wp-block-spacer\"><\/div>\n\n\n\n<p class=\"has-text-align-center has-neve-text-color-color has-text-color\">&#8220;Projeto desafiador e incr\u00edvel.&#8221;<\/p>\n\n\n\n<p class=\"has-text-align-center has-neve-text-color-color has-text-color\"><strong>COMUNIDADE CRIST\u00c3 NA ZL<\/strong><\/p>\n\n\n\n<div style=\"height:20px\" aria-hidden=\"true\" class=\"wp-block-spacer\"><\/div>\n<\/div>\n\n\n\n<div class=\"wp-block-column ticss-f6fc7494 is-layout-flow wp-block-column-is-layout-flow\"><div class=\"wp-block-image is-style-rounded\">\n<figure class=\"aligncenter size-full is-resized\"><img loading=\"lazy\" decoding=\"async\" width=\"582\" height=\"582\" src=\"http:\/\/agencia2205.com.br\/wp-content\/uploads\/2024\/07\/LOGO_2-edited.png\" alt=\"\" class=\"wp-image-529\" style=\"width:88px;height:auto\" srcset=\"https:\/\/agencia2205.com.br\/wp-content\/uploads\/2024\/07\/LOGO_2-edited.png 582w, https:\/\/agencia2205.com.br\/wp-content\/uploads\/2024\/07\/LOGO_2-edited-300x300.png 300w, https:\/\/agencia2205.com.br\/wp-content\/uploads\/2024\/07\/LOGO_2-edited-150x150.png 150w\" sizes=\"auto, (max-width: 582px) 100vw, 582px\" \/><\/figure>\n<\/div>\n\n\n<div style=\"height:24px\" aria-hidden=\"true\" class=\"wp-block-spacer\"><\/div>\n\n\n\n<p class=\"has-text-align-center has-neve-text-color-color has-text-color\">\u201cAtendimento nota 1000!\u201d<\/p>\n\n\n\n<p class=\"has-text-align-center has-neve-text-color-color has-text-color\"><strong>CARLA VIGNATTI<\/strong><\/p>\n\n\n\n<div style=\"height:20px\" aria-hidden=\"true\" class=\"wp-block-spacer\"><\/div>\n<\/div>\n\n\n\n<div class=\"wp-block-column ticss-a5b4df29 is-layout-flow wp-block-column-is-layout-flow\"><div class=\"wp-block-image is-style-rounded\">\n<figure class=\"aligncenter size-full is-resized\"><img loading=\"lazy\" decoding=\"async\" width=\"591\" height=\"591\" src=\"http:\/\/agencia2205.com.br\/wp-content\/uploads\/2024\/07\/PHOTO-2020-04-12-08-57-01.jpg\" alt=\"\" class=\"wp-image-527\" style=\"width:88px;height:auto\" srcset=\"https:\/\/agencia2205.com.br\/wp-content\/uploads\/2024\/07\/PHOTO-2020-04-12-08-57-01.jpg 591w, https:\/\/agencia2205.com.br\/wp-content\/uploads\/2024\/07\/PHOTO-2020-04-12-08-57-01-300x300.jpg 300w, https:\/\/agencia2205.com.br\/wp-content\/uploads\/2024\/07\/PHOTO-2020-04-12-08-57-01-150x150.jpg 150w\" sizes=\"auto, (max-width: 591px) 100vw, 591px\" \/><\/figure>\n<\/div>\n\n\n<div style=\"height:24px\" aria-hidden=\"true\" class=\"wp-block-spacer\"><\/div>\n\n\n\n<p class=\"has-text-align-center has-neve-text-color-color has-text-color\">\u201cA 2205 foi uma grata surpresa!\u201d<\/p>\n\n\n\n<p class=\"has-text-align-center has-neve-text-color-color has-text-color\"><strong>FERNANDO NAVES ADVOCACIA<\/strong><\/p>\n\n\n\n<div style=\"height:20px\" aria-hidden=\"true\" class=\"wp-block-spacer\"><\/div>\n<\/div>\n<\/div>\n\n\n\n<div style=\"height:46px\" aria-hidden=\"true\" class=\"wp-block-spacer\"><\/div>\n<\/div><\/div>\n\n\n\n<div class=\"wp-block-cover alignfull\"><span aria-hidden=\"true\" class=\"wp-block-cover__background has-nv-c-2-background-color has-background-dim-100 has-background-dim\"><\/span><div class=\"wp-block-cover__inner-container is-layout-constrained wp-block-cover-is-layout-constrained\">\n<div style=\"height:45px\" aria-hidden=\"true\" class=\"wp-block-spacer\"><\/div>\n\n\n\n<h2 class=\"wp-block-heading has-text-align-center has-nv-text-dark-bg-color has-text-color\">Vamos trabalhar juntos em seu projeto?<\/h2>\n\n\n\n<p class=\"has-text-align-center\"><mark style=\"background-color:rgba(0, 0, 0, 0)\" class=\"has-inline-color has-nv-text-dark-bg-color\">Entre em contato conosco e agende uma reuni\u00e3o para nos conhecermos e apresentarmos o que a Ag\u00eancia 2205 pode fazer pelo seu neg\u00f3cio.<\/mark><\/p>\n\n\n\n<div class=\"wp-block-buttons is-horizontal is-content-justification-center is-layout-flex wp-container-core-buttons-is-layout-499968f5 wp-block-buttons-is-layout-flex\">\n<div class=\"wp-block-button is-style-primary\"><a class=\"wp-block-button__link wp-element-button\" href=\"https:\/\/agencia2205.com.br\/?page_id=425\">FALE COM A GENTE!<\/a><\/div>\n<\/div>\n\n\n\n<div style=\"height:45px\" aria-hidden=\"true\" class=\"wp-block-spacer\"><\/div>\n<\/div><\/div>\n","protected":false},"excerpt":{"rendered":"<p>Projetos personalizados Sabemos que cada neg\u00f3cio tem a sua particularidade, por isso, a 2205 desenvolve projetos que tenham a cara do seu neg\u00f3cio. Seu projeto com requinte N\u00e3o importa o tamanho do seu neg\u00f3cio, entregamos o seu projeto com cuidado, dedica\u00e7\u00e3o e requinte. Agilidade e seguran\u00e7a Agilidade e seguran\u00e7a \u00e9 o nosso forte. Por isso&hellip;&nbsp;<a href=\"https:\/\/agencia2205.com.br\/\" rel=\"bookmark\">Continue a ler &raquo;<span class=\"screen-reader-text\">Home<\/span><\/a><\/p>\n","protected":false},"author":1,"featured_media":0,"parent":0,"menu_order":0,"comment_status":"closed","ping_status":"closed","template":"","meta":{"neve_meta_sidebar":"default","neve_meta_container":"default","neve_meta_enable_content_width":"on","neve_meta_content_width":100,"neve_meta_title_alignment":"","neve_meta_author_avatar":"","neve_post_elements_order":"","neve_meta_disable_header":"","neve_meta_disable_footer":"","neve_meta_disable_title":"on","_themeisle_gutenberg_block_has_review":false,"footnotes":""},"class_list":["post-309","page","type-page","status-publish","hentry"],"_links":{"self":[{"href":"https:\/\/agencia2205.com.br\/index.php?rest_route=\/wp\/v2\/pages\/309","targetHints":{"allow":["GET"]}}],"collection":[{"href":"https:\/\/agencia2205.com.br\/index.php?rest_route=\/wp\/v2\/pages"}],"about":[{"href":"https:\/\/agencia2205.com.br\/index.php?rest_route=\/wp\/v2\/types\/page"}],"author":[{"embeddable":true,"href":"https:\/\/agencia2205.com.br\/index.php?rest_route=\/wp\/v2\/users\/1"}],"replies":[{"embeddable":true,"href":"https:\/\/agencia2205.com.br\/index.php?rest_route=%2Fwp%2Fv2%2Fcomments&post=309"}],"version-history":[{"count":31,"href":"https:\/\/agencia2205.com.br\/index.php?rest_route=\/wp\/v2\/pages\/309\/revisions"}],"predecessor-version":[{"id":689,"href":"https:\/\/agencia2205.com.br\/index.php?rest_route=\/wp\/v2\/pages\/309\/revisions\/689"}],"wp:attachment":[{"href":"https:\/\/agencia2205.com.br\/index.php?rest_route=%2Fwp%2Fv2%2Fmedia&parent=309"}],"curies":[{"name":"wp","href":"https:\/\/api.w.org\/{rel}","templated":true}]}}