{"id":13,"date":"2024-06-14T01:13:25","date_gmt":"2024-06-14T04:13:25","guid":{"rendered":"https:\/\/agencia2205.com.br\/?page_id=13"},"modified":"2025-01-17T13:50:56","modified_gmt":"2025-01-17T16:50:56","slug":"servicos","status":"publish","type":"page","link":"https:\/\/agencia2205.com.br\/?page_id=13","title":{"rendered":"Nossas Solu\u00e7\u00f5es"},"content":{"rendered":"\n<div class=\"wp-block-media-text alignfull is-stacked-on-mobile\"><figure class=\"wp-block-media-text__media\"><img loading=\"lazy\" decoding=\"async\" width=\"1024\" height=\"767\" src=\"https:\/\/agencia2205.com.br\/wp-content\/uploads\/2024\/06\/hatching-7098132_1280-2-1024x767.png\" alt=\"\" class=\"wp-image-380 size-full\" srcset=\"https:\/\/agencia2205.com.br\/wp-content\/uploads\/2024\/06\/hatching-7098132_1280-2-1024x767.png 1024w, https:\/\/agencia2205.com.br\/wp-content\/uploads\/2024\/06\/hatching-7098132_1280-2-300x225.png 300w, https:\/\/agencia2205.com.br\/wp-content\/uploads\/2024\/06\/hatching-7098132_1280-2-768x575.png 768w, https:\/\/agencia2205.com.br\/wp-content\/uploads\/2024\/06\/hatching-7098132_1280-2.png 1280w\" sizes=\"auto, (max-width: 1024px) 100vw, 1024px\" \/><\/figure><div class=\"wp-block-media-text__content\">\n<h2 class=\"wp-block-heading\"><mark style=\"background-color:rgba(0, 0, 0, 0);color:#411e5a\" class=\"has-inline-color\">Marca<\/mark><\/h2>\n\n\n\n<h3 class=\"wp-block-heading\">O que fazemos?<\/h3>\n\n\n\n<p>Constru\u00edmos marcas s\u00f3lidas e com identidade \u00fanica, alinhadas com os valores e mensagens de nossos clientes. Nossa metodologia come\u00e7a muito antes do design, incluindo um profundo processo de imers\u00e3o, seguido de um planejamento estrat\u00e9gico para a cria\u00e7\u00e3o da marca e da execu\u00e7\u00e3o propriamente dita.<\/p>\n\n\n\n<h3 class=\"wp-block-heading\"><mark style=\"background-color:rgba(0, 0, 0, 0);color:#411e5a\" class=\"has-inline-color\">Como fazemos?<\/mark><\/h3>\n\n\n\n<ul class=\"wp-block-list\">\n<li><strong>Naming:<\/strong> a escolha do nome certo \u00e9 essencial para que se estabele\u00e7a uma conex\u00e3o com o p\u00fablico-alvo. Por isso, trabalhamos para criar namings que n\u00e3o s\u00f3 estejam alinhados com os valores e a ess\u00eancia da sua marca, como se destaquem em meio a um mercado cada vez mais competitivo.<\/li>\n\n\n\n<li><strong>Estrat\u00e9gia de marca:<\/strong> por meio de uma metodologia pr\u00f3pria, somada \u00e0s t\u00e9cnicas de compreens\u00e3o profunda, olhamos para a marca de uma maneira ampla, que vai al\u00e9m da cria\u00e7\u00e3o de uma identidade visual. Captamos a ess\u00eancia para ditar a estrat\u00e9gia mais adequada, de modo a obter impacto real e eficiente.<\/li>\n\n\n\n<li><strong>Identidade da marca:<\/strong> a 2205wv n\u00e3o cria logos. Criamos identidade e desenvolvemos experi\u00eancias. Nossa miss\u00e3o \u00e9 que a sua identidade visual reflita a ess\u00eancia e os valores da marca, replicadas em diversos canais, de diferentes formas e jeitos. Conectamos emocionalmente sua marca ao p\u00fablico-alvo, impactando e despertando desejo e paix\u00e3o.<\/li>\n<\/ul>\n<\/div><\/div>\n\n\n\n<div class=\"wp-block-media-text alignfull has-media-on-the-right is-stacked-on-mobile has-nv-light-bg-background-color has-background\"><div class=\"wp-block-media-text__content\">\n<h2 class=\"wp-block-heading\"><mark style=\"background-color:rgba(0, 0, 0, 0);color:#411e5a\" class=\"has-inline-color\">Marketing Digital<\/mark><\/h2>\n\n\n\n<h3 class=\"wp-block-heading\">O que fazemos?<\/h3>\n\n\n\n<p>Nosso trabalho \u00e9 muito mais do que um post nas redes sociais. O nosso Objetivo \u00e9 gerar consci\u00eancia de marca, fazendo com que o seu digital seja como o acender de uma l\u00e2mpada: a carga gerada pelas estrat\u00e9gias cuidadosamente pensadas para sua empresa vai gerar energia para alcan\u00e7ar seus objetivos de forma org\u00e2nica e eficaz.<\/p>\n\n\n\n<h3 class=\"wp-block-heading\">Como fazemos?<\/h3>\n\n\n\n<ul class=\"wp-block-list\">\n<li><strong>Planejamento estrat\u00e9gico:<\/strong> elaboramos um plano estrat\u00e9gico de comunica\u00e7\u00e3o completo, contemplando todos os canais (online e offline) da empresa, de modo que a comunica\u00e7\u00e3o corporativa esteja totalmente alinhada com os objetivos do neg\u00f3cio. De forma eficaz e anal\u00edtica, posicionamos estrategicamente a comunica\u00e7\u00e3o, mapeando todos os p\u00fablicos, segmentando e gerando resultados, que s\u00e3o constantemente mensurados.<\/li>\n\n\n\n<li><strong>Conte\u00fado:<\/strong> cada conte\u00fado \u00e9 \u00fanico e pensado estrategicamente para impactar o p\u00fablico-alvo. Com tom de voz assertivo, nosso objetivo \u00e9 aproximar a marca das pessoas, criando hist\u00f3rias e fazendo conex\u00f5es valiosas.<\/li>\n\n\n\n<li><strong>Gest\u00e3o de redes sociais:<\/strong> para n\u00f3s, a f\u00f3rmula do sucesso \u00e9 a estrat\u00e9gia bem elaborada, de forma personalizada e assertiva. Saber diferenciar uma rede social da outra e extrair de cada canal todo o potencial de retorno, com linguagem acess\u00edvel e entendendo a dor do seu p\u00fablico, far\u00e1 com que sua empresa se destaque em um ambiente cada vez mais concorrido.<\/li>\n\n\n\n<li><strong>Inbound marketing:<\/strong> \u00e9 como estender um tapete vermelho para os visitantes do seu site, convertendo-os em contatos valiosos para o seu neg\u00f3cio. O inbound marketing prioriza o relacionamento com potenciais clientes de forma natural e progressiva.<\/li>\n\n\n\n<li><strong>Consultoria e assessoria digitais: <\/strong>nosso time est\u00e1 sempre pronto a ouvir, entender e atender prontamente \u00e0s demandas de nossos clientes.<\/li>\n\n\n\n<li><strong>Mensura\u00e7\u00e3o e an\u00e1lise de resultados:<\/strong> n\u00fameros sem an\u00e1lise s\u00e3o apenas n\u00fameros. A 2205wv tem como premissa, transformar a informa\u00e7\u00e3o fria de um relat\u00f3rio anal\u00edtico em conhecimento \u00fatil para seus clientes, gerando ideias que v\u00e3o auxiliar a empresa nas tomadas de decis\u00f5es.<\/li>\n<\/ul>\n<\/div><figure class=\"wp-block-media-text__media\"><img loading=\"lazy\" decoding=\"async\" width=\"1024\" height=\"671\" src=\"https:\/\/agencia2205.com.br\/wp-content\/uploads\/2024\/06\/video-marketing-7579808_1920-1-1024x671.png\" alt=\"\" class=\"wp-image-381 size-full\" srcset=\"https:\/\/agencia2205.com.br\/wp-content\/uploads\/2024\/06\/video-marketing-7579808_1920-1-1024x671.png 1024w, https:\/\/agencia2205.com.br\/wp-content\/uploads\/2024\/06\/video-marketing-7579808_1920-1-300x197.png 300w, https:\/\/agencia2205.com.br\/wp-content\/uploads\/2024\/06\/video-marketing-7579808_1920-1-768x503.png 768w, https:\/\/agencia2205.com.br\/wp-content\/uploads\/2024\/06\/video-marketing-7579808_1920-1-1536x1006.png 1536w, https:\/\/agencia2205.com.br\/wp-content\/uploads\/2024\/06\/video-marketing-7579808_1920-1.png 1920w\" sizes=\"auto, (max-width: 1024px) 100vw, 1024px\" \/><\/figure><\/div>\n\n\n\n<div class=\"wp-block-media-text alignfull is-stacked-on-mobile\"><figure class=\"wp-block-media-text__media\"><img loading=\"lazy\" decoding=\"async\" width=\"1024\" height=\"640\" src=\"http:\/\/agencia2205.com.br\/wp-content\/uploads\/2024\/06\/performance-vector-hombre-volador-daniel-colombo-1024x640.jpg\" alt=\"\" class=\"wp-image-387 size-full\" srcset=\"https:\/\/agencia2205.com.br\/wp-content\/uploads\/2024\/06\/performance-vector-hombre-volador-daniel-colombo-1024x640.jpg 1024w, https:\/\/agencia2205.com.br\/wp-content\/uploads\/2024\/06\/performance-vector-hombre-volador-daniel-colombo-300x188.jpg 300w, https:\/\/agencia2205.com.br\/wp-content\/uploads\/2024\/06\/performance-vector-hombre-volador-daniel-colombo-768x480.jpg 768w, https:\/\/agencia2205.com.br\/wp-content\/uploads\/2024\/06\/performance-vector-hombre-volador-daniel-colombo-1536x960.jpg 1536w, https:\/\/agencia2205.com.br\/wp-content\/uploads\/2024\/06\/performance-vector-hombre-volador-daniel-colombo.jpg 2048w\" sizes=\"auto, (max-width: 1024px) 100vw, 1024px\" \/><\/figure><div class=\"wp-block-media-text__content\">\n<h2 class=\"wp-block-heading\"><mark style=\"background-color:rgba(0, 0, 0, 0);color:#411e5a\" class=\"has-inline-color\">Performance<\/mark><\/h2>\n\n\n\n<h3 class=\"wp-block-heading\">O que fazemos?<\/h3>\n\n\n\n<p>Por meio de uma metodologia racional, trabalhamos para que sua marca, produto ou servi\u00e7o apare\u00e7a para as pessoas certas, gerando conex\u00f5es por meio de campanhas estrat\u00e9gicas. Com an\u00e1lise de dados e monitoramento constante das m\u00e9tricas, fazemos com que nossos clientes atinjam resultados mensur\u00e1veis e com retorno positivo sobre o investimento. Al\u00e9m disso, \u00e9 nosso papel trabalhar estrat\u00e9gias org\u00e2nicas, de forma a alcan\u00e7ar reputa\u00e7\u00e3o e consci\u00eancia de marca.<\/p>\n\n\n\n<h3 class=\"wp-block-heading\">Como fazemos?<\/h3>\n\n\n\n<ul class=\"wp-block-list\">\n<li><strong>Tr\u00e1fego pago (Ads):<\/strong> somos os parceiros ideais para o crescimento dos nossos clientes. Com o tr\u00e1fego pago, direcionamos uma estrat\u00e9gia de marketing de funil completa, monitorando e mensurando os dados, com planos de crescimento, apoiando a tomada de decis\u00e3o de nossos clientes.<\/li>\n\n\n\n<li><strong>SEO:<\/strong> voc\u00ea sabia que o maior \u00edndice de tr\u00e1fego vem dos sites que est\u00e3o nas primeiras posi\u00e7\u00f5es do Google? N\u00f3s dominamos as t\u00e9cnicas avan\u00e7adas de SEO para colocar sua empresa no topo dos resultados de busca. Sabemos que cada neg\u00f3cio \u00e9 \u00fanico, ent\u00e3o criamos estrat\u00e9gias personalizadas para atender exatamente \u00e0s suas necessidades.<\/li>\n<\/ul>\n<\/div><\/div>\n\n\n\n<div class=\"wp-block-media-text alignfull has-media-on-the-right is-stacked-on-mobile has-nv-light-bg-background-color has-background\"><div class=\"wp-block-media-text__content\">\n<h2 class=\"wp-block-heading\"><mark style=\"background-color:rgba(0, 0, 0, 0);color:#411e5a\" class=\"has-inline-color\">Tecnologia<\/mark><\/h2>\n\n\n\n<h3 class=\"wp-block-heading alignfull\">O que fazemos?<\/h3>\n\n\n\n<p>A tecnologia \u00e9 parte essencial para impulsionar a presen\u00e7a digital e potencializar os resultados. Nossa equipe \u00e9 especializada no desenvolvimento das principais ferramentas para oferecer experi\u00eancias \u00fanicas.<\/p>\n\n\n\n<h3 class=\"wp-block-heading\">Como fazemos?<\/h3>\n\n\n\n<ul class=\"wp-block-list\">\n<li><strong>Cria\u00e7\u00e3o de sites:<\/strong> vamos construir um site que seja a cara do seu neg\u00f3cio, feito sob medida para destacar suas habilidades e atrair mais clientes. Nosso processo \u00e9 pensado com carinho, cuidando de cada detalhe, desde o planejamento at\u00e9 a experi\u00eancia do usu\u00e1rio.<\/li>\n\n\n\n<li><strong>Landing pages: <\/strong>nossas LPs s\u00e3o como um traje sob medida para o seu neg\u00f3cio, adaptadas \u00e0s suas necessidades e refletindo sua marca de forma profissional. Estar\u00e3o prontas para garantir o m\u00e1ximo desempenho e convers\u00e3o.<\/li>\n\n\n\n<li><strong>E-mail marketing: <\/strong>quer estabelecer conex\u00f5es verdadeiras com seu p\u00fablico? O e-mail marketing \u00e9 a chave! Criamos campanhas que capturam a aten\u00e7\u00e3o, informam e envolvem seus potenciais clientes de maneira significativa.<\/li>\n\n\n\n<li><strong>Newsletter:<\/strong> nossa newsletter digital \u00e9 como um boletim informativo, reunindo as principais informa\u00e7\u00f5es sobre o seu neg\u00f3cio. Enviada para sua lista de contatos, ela desperta o interesse dos leitores e os aos canais estrat\u00e9gicos, fazendo com que aumente o relacionamento e a convers\u00e3o.<\/li>\n<\/ul>\n<\/div><figure class=\"wp-block-media-text__media\"><img loading=\"lazy\" decoding=\"async\" width=\"1024\" height=\"614\" src=\"https:\/\/agencia2205.com.br\/wp-content\/uploads\/2024\/06\/connection-4348764_1920-1024x614.png\" alt=\"\" class=\"wp-image-389 size-full\" srcset=\"https:\/\/agencia2205.com.br\/wp-content\/uploads\/2024\/06\/connection-4348764_1920-1024x614.png 1024w, https:\/\/agencia2205.com.br\/wp-content\/uploads\/2024\/06\/connection-4348764_1920-300x180.png 300w, https:\/\/agencia2205.com.br\/wp-content\/uploads\/2024\/06\/connection-4348764_1920-768x461.png 768w, https:\/\/agencia2205.com.br\/wp-content\/uploads\/2024\/06\/connection-4348764_1920-1536x922.png 1536w, https:\/\/agencia2205.com.br\/wp-content\/uploads\/2024\/06\/connection-4348764_1920.png 1920w\" sizes=\"auto, (max-width: 1024px) 100vw, 1024px\" \/><\/figure><\/div>\n\n\n\n<div class=\"wp-block-media-text alignfull is-stacked-on-mobile\"><figure class=\"wp-block-media-text__media\"><img loading=\"lazy\" decoding=\"async\" width=\"1000\" height=\"664\" src=\"https:\/\/agencia2205.com.br\/wp-content\/uploads\/2024\/06\/91993-ecommerce-e-loja-fisica-entenda-quais-sao-as-diferencas-1.jpg\" alt=\"\" class=\"wp-image-409 size-full\" srcset=\"https:\/\/agencia2205.com.br\/wp-content\/uploads\/2024\/06\/91993-ecommerce-e-loja-fisica-entenda-quais-sao-as-diferencas-1.jpg 1000w, https:\/\/agencia2205.com.br\/wp-content\/uploads\/2024\/06\/91993-ecommerce-e-loja-fisica-entenda-quais-sao-as-diferencas-1-300x199.jpg 300w, https:\/\/agencia2205.com.br\/wp-content\/uploads\/2024\/06\/91993-ecommerce-e-loja-fisica-entenda-quais-sao-as-diferencas-1-768x510.jpg 768w\" sizes=\"auto, (max-width: 1000px) 100vw, 1000px\" \/><\/figure><div class=\"wp-block-media-text__content\">\n<h2 class=\"wp-block-heading has-text-align-left\"><mark style=\"background-color:rgba(0, 0, 0, 0);color:#411e5a\" class=\"has-inline-color\">E-commerce (cria\u00e7\u00e3o de loja online)<\/mark><\/h2>\n\n\n\n<h3 class=\"wp-block-heading\">O que fazemos?<\/h3>\n\n\n\n<p>Quer oferecer a melhor experi\u00eancia para seus clientes na sua loja online? Um layout original faz toda a diferen\u00e7a, transmitindo confian\u00e7a e credibilidade para sua marca. Por isso, investir em um layout para e-commerce bem estruturado \u00e9 essencial para impulsionar suas vendas no mundo digital.<\/p>\n\n\n\n<h3 class=\"wp-block-heading\">Como fazemos?<\/h3>\n\n\n\n<ul class=\"wp-block-list\">\n<li><strong>Escolha da plataforma:<\/strong> a escolha da plataforma \u00e9 crucial, pois define o perfil da sua loja e as funcionalidades essenciais, como meios de pagamento e log\u00edstica. Trabalhamos com as principais plataformas do mercado para oferecer uma experi\u00eancia \u00fanica aos nossos clientes.<\/li>\n\n\n\n<li><strong>Layout personalizado: <\/strong>Assim como sua marca \u00e9 \u00fanica, o layout da sua loja tamb\u00e9m deve ser. Personalizamos o design de acordo com a identidade da sua marca, facilitando a conex\u00e3o com seu p\u00fablico-alvo.<\/li>\n\n\n\n<li><strong>Implanta\u00e7\u00e3o da loja virtual:<\/strong> com o layout definido e todas as funcionalidades configuradas, \u00e9 hora de lan\u00e7ar sua loja e come\u00e7ar a vender.<\/li>\n\n\n\n<li><strong>P\u00f3s-implanta\u00e7\u00e3o:<\/strong> ap\u00f3s o lan\u00e7amento, monitoramos sua loja para garantir seu funcionamento cont\u00ednuo e eficiente, proporcionando uma experi\u00eancia de compra tranquila para seus clientes.<\/li>\n\n\n\n<li><strong>Performance da loja:<\/strong> com uma an\u00e1lise minuciosa, avaliamos o desempenho da sua loja e oferecemos insights para direcionar o tr\u00e1fego e aumentar as vendas.<\/li>\n<\/ul>\n\n\n\n<p><strong>Se voc\u00ea j\u00e1 possui loja online, oferecemos:<\/strong><\/p>\n\n\n\n<ul class=\"wp-block-list\">\n<li><strong>Migra\u00e7\u00e3o de loja:<\/strong> se deseja uma loja mais eficiente, realizamos a migra\u00e7\u00e3o para uma plataforma que atenda melhor \u00e0s suas necessidades e ao seu p\u00fablico-alvo.<\/li>\n\n\n\n<li><strong>Marketplace: <\/strong>Amplie seu alcance vendendo nos principais marketplaces do pa\u00eds. Implementamos sua loja nos principais portais para alcan\u00e7ar um p\u00fablico ainda maior.<\/li>\n<\/ul>\n\n\n\n<p class=\"has-neve-text-color-color has-text-color has-link-color wp-elements-50aca4fe486229582571380836284945\">A Ag\u00eancia 2205 \u00e9 uma ag\u00eancia parceira\u00a0<strong>NuvemShop<\/strong>. A NuvemShop \u00e9 uma plataforma de e-commerce, l\u00edder na Am\u00e9rica Latina, com mais de 150 mil lojas ativas, que atende desde o pequeno varejista at\u00e9 os neg\u00f3cios que j\u00e1 faturam milh\u00f5es.<\/p>\n\n\n\n<figure class=\"wp-block-image size-full is-resized\"><img loading=\"lazy\" decoding=\"async\" width=\"807\" height=\"449\" src=\"http:\/\/agencia2205.com.br\/wp-content\/uploads\/2025\/01\/Nuvemshop-Partners-Parceiro-Silver_1.webp\" alt=\"\" class=\"wp-image-599\" style=\"width:92px;height:auto\" srcset=\"https:\/\/agencia2205.com.br\/wp-content\/uploads\/2025\/01\/Nuvemshop-Partners-Parceiro-Silver_1.webp 807w, https:\/\/agencia2205.com.br\/wp-content\/uploads\/2025\/01\/Nuvemshop-Partners-Parceiro-Silver_1-300x167.webp 300w, https:\/\/agencia2205.com.br\/wp-content\/uploads\/2025\/01\/Nuvemshop-Partners-Parceiro-Silver_1-768x427.webp 768w\" sizes=\"auto, (max-width: 807px) 100vw, 807px\" \/><\/figure>\n\n\n\n<p><\/p>\n<\/div><\/div>\n\n\n\n<div class=\"wp-block-media-text alignfull is-stacked-on-mobile has-nv-light-bg-background-color has-background\"><figure class=\"wp-block-media-text__media\"><img loading=\"lazy\" decoding=\"async\" width=\"1024\" height=\"724\" src=\"https:\/\/agencia2205.com.br\/wp-content\/uploads\/2024\/06\/communication-1296385_1920-1024x724.png\" alt=\"\" class=\"wp-image-388 size-full\" srcset=\"https:\/\/agencia2205.com.br\/wp-content\/uploads\/2024\/06\/communication-1296385_1920-1024x724.png 1024w, https:\/\/agencia2205.com.br\/wp-content\/uploads\/2024\/06\/communication-1296385_1920-300x212.png 300w, https:\/\/agencia2205.com.br\/wp-content\/uploads\/2024\/06\/communication-1296385_1920-768x543.png 768w, https:\/\/agencia2205.com.br\/wp-content\/uploads\/2024\/06\/communication-1296385_1920-1536x1086.png 1536w, https:\/\/agencia2205.com.br\/wp-content\/uploads\/2024\/06\/communication-1296385_1920.png 1920w\" sizes=\"auto, (max-width: 1024px) 100vw, 1024px\" \/><\/figure><div class=\"wp-block-media-text__content\">\n<h2 class=\"wp-block-heading\"><mark style=\"background-color:rgba(0, 0, 0, 0);color:#411e5a\" class=\"has-inline-color\">Comunica\u00e7\u00e3o Institucional<\/mark><\/h2>\n\n\n\n<h3 class=\"wp-block-heading\">O que fazemos?<\/h3>\n\n\n\n<p>Faz parte de uma estrat\u00e9gia de sucesso comunicar-se de modo eficaz, transmitindo confiabilidade e seguran\u00e7a. Em nossas estrat\u00e9gias de comunica\u00e7\u00e3o institucional, projetamos o fortalecimento da sua marca, estabelecendo uma imagem s\u00f3lida no mercado. Criamos conte\u00fados que conversam com sua audi\u00eancia e refor\u00e7am a credibilidade no mercado.<\/p>\n\n\n\n<h3 class=\"wp-block-heading\">Como fazemos:<\/h3>\n\n\n\n<ul class=\"wp-block-list\">\n<li><strong>Endomarketing: <\/strong>se comunicar e incentivar os colaboradores internos \u00e9 essencial. A gera\u00e7\u00e3o de consci\u00eancia de uma marca vai al\u00e9m de campanhas para consumidores finais. Com as estrat\u00e9gias de endomarketing, \u00e9 poss\u00edvel apresentar oportunidades de engajamento para aqueles que fazem parte do neg\u00f3cio e s\u00e3o t\u00e3o importantes para manter a empresa viva.<\/li>\n\n\n\n<li><strong>Assessoria de imprensa: <\/strong>a assessoria de imprensa \u00e9 uma aliada crucial para empresas que buscam promover sua visibilidade midi\u00e1tica e construir uma reputa\u00e7\u00e3o s\u00f3lida no mercado. Atuando como intermedi\u00e1rios entre o cliente e os ve\u00edculos de comunica\u00e7\u00e3o, desempenhamos um papel fundamental na facilita\u00e7\u00e3o do relacionamento e na presen\u00e7a positiva na m\u00eddia.<\/li>\n<\/ul>\n<\/div><\/div>\n\n\n\n<div class=\"wp-block-cover alignfull\"><span aria-hidden=\"true\" class=\"wp-block-cover__background has-nv-c-2-background-color has-background-dim-100 has-background-dim\"><\/span><div class=\"wp-block-cover__inner-container is-layout-constrained wp-block-cover-is-layout-constrained\">\n<p class=\"has-text-align-center has-large-font-size\"><mark style=\"background-color:rgba(0, 0, 0, 0)\" class=\"has-inline-color has-nv-site-bg-color\">Quer saber mais sobre nossas solu\u00e7\u00f5es? <\/mark><br><mark style=\"background-color:rgba(0, 0, 0, 0)\" class=\"has-inline-color has-nv-site-bg-color\">Agende um or\u00e7amento!<\/mark><\/p>\n\n\n\n<div class=\"wp-block-buttons is-content-justification-center is-layout-flex wp-container-core-buttons-is-layout-16018d1d wp-block-buttons-is-layout-flex\">\n<div class=\"wp-block-button is-style-primary\"><a class=\"wp-block-button__link wp-element-button\" href=\"https:\/\/agencia2205.com.br\/?page_id=425\">Fale conosco!<\/a><\/div>\n<\/div>\n<\/div><\/div>\n","protected":false},"excerpt":{"rendered":"","protected":false},"author":1,"featured_media":0,"parent":0,"menu_order":0,"comment_status":"closed","ping_status":"closed","template":"","meta":{"neve_meta_sidebar":"","neve_meta_container":"","neve_meta_enable_content_width":"","neve_meta_content_width":0,"neve_meta_title_alignment":"","neve_meta_author_avatar":"","neve_post_elements_order":"","neve_meta_disable_header":"","neve_meta_disable_footer":"","neve_meta_disable_title":"","_themeisle_gutenberg_block_has_review":false,"footnotes":""},"class_list":["post-13","page","type-page","status-publish","hentry"],"_links":{"self":[{"href":"https:\/\/agencia2205.com.br\/index.php?rest_route=\/wp\/v2\/pages\/13","targetHints":{"allow":["GET"]}}],"collection":[{"href":"https:\/\/agencia2205.com.br\/index.php?rest_route=\/wp\/v2\/pages"}],"about":[{"href":"https:\/\/agencia2205.com.br\/index.php?rest_route=\/wp\/v2\/types\/page"}],"author":[{"embeddable":true,"href":"https:\/\/agencia2205.com.br\/index.php?rest_route=\/wp\/v2\/users\/1"}],"replies":[{"embeddable":true,"href":"https:\/\/agencia2205.com.br\/index.php?rest_route=%2Fwp%2Fv2%2Fcomments&post=13"}],"version-history":[{"count":9,"href":"https:\/\/agencia2205.com.br\/index.php?rest_route=\/wp\/v2\/pages\/13\/revisions"}],"predecessor-version":[{"id":613,"href":"https:\/\/agencia2205.com.br\/index.php?rest_route=\/wp\/v2\/pages\/13\/revisions\/613"}],"wp:attachment":[{"href":"https:\/\/agencia2205.com.br\/index.php?rest_route=%2Fwp%2Fv2%2Fmedia&parent=13"}],"curies":[{"name":"wp","href":"https:\/\/api.w.org\/{rel}","templated":true}]}}